{"id":50421,"date":"2025-08-28T10:50:49","date_gmt":"2025-08-28T10:50:49","guid":{"rendered":"https:\/\/newvt.verticaltechnik.ch\/product\/mini-rampe-msr-bowl-spine-6-0-m-6-0-m\/"},"modified":"2025-08-28T10:50:49","modified_gmt":"2025-08-28T10:50:49","slug":"mini-rampe-msr-bowl-spine-6-0-m-6-0-m","status":"publish","type":"product","link":"https:\/\/verticaltechnik.ch\/fr\/produit\/mini-rampe-msr-bowl-spine-6-0-m-6-0-m\/","title":{"rendered":"Mini-rampe MSR Bowl Spine 6.0 m + 6.0 m"},"content":{"rendered":"<p>Location mini-rampe MSR Bowl Spine 6.0 m + 6.0 m, surface 14.7 x 18.5 m. Le montage et le d\u00e9montage sont effectu\u00e9s, selon l&rsquo;option choisie, par Vertical Technik AG ou par 4 aides au montage mises \u00e0 disposition par le client, avec le soutien d&rsquo;un chef de montage de Vertical Technik AG.<\/p>\n","protected":false},"excerpt":{"rendered":"<p>Location mini-rampe MSR Bowl Spine 6.0 m + 6.0 m, surface 14.7 x 18.5 m. Le montage et le d\u00e9montage sont effectu\u00e9s, selon l&rsquo;option choisie, par Vertical Technik AG ou&#8230;<\/p>\n","protected":false},"featured_media":0,"template":"","meta":[],"product_brand":[],"product_cat":[12250],"product_tag":[],"class_list":{"0":"post-50421","1":"product","2":"type-product","3":"status-publish","5":"product_cat-minir-msr-bowl-spine","7":"first","8":"instock","9":"shipping-taxable","10":"purchasable","11":"product-type-simple"},"_links":{"self":[{"href":"https:\/\/verticaltechnik.ch\/fr\/wp-json\/wp\/v2\/product\/50421","targetHints":{"allow":["GET"]}}],"collection":[{"href":"https:\/\/verticaltechnik.ch\/fr\/wp-json\/wp\/v2\/product"}],"about":[{"href":"https:\/\/verticaltechnik.ch\/fr\/wp-json\/wp\/v2\/types\/product"}],"wp:attachment":[{"href":"https:\/\/verticaltechnik.ch\/fr\/wp-json\/wp\/v2\/media?parent=50421"}],"wp:term":[{"taxonomy":"product_brand","embeddable":true,"href":"https:\/\/verticaltechnik.ch\/fr\/wp-json\/wp\/v2\/product_brand?post=50421"},{"taxonomy":"product_cat","embeddable":true,"href":"https:\/\/verticaltechnik.ch\/fr\/wp-json\/wp\/v2\/product_cat?post=50421"},{"taxonomy":"product_tag","embeddable":true,"href":"https:\/\/verticaltechnik.ch\/fr\/wp-json\/wp\/v2\/product_tag?post=50421"}],"curies":[{"name":"wp","href":"https:\/\/api.w.org\/{rel}","templated":true}]}}