{"id":50422,"date":"2025-08-28T10:50:46","date_gmt":"2025-08-28T10:50:46","guid":{"rendered":"https:\/\/newvt.verticaltechnik.ch\/product\/carottage-beton-120-mm\/"},"modified":"2025-08-28T10:50:46","modified_gmt":"2025-08-28T10:50:46","slug":"carottage-beton-120-mm","status":"publish","type":"product","link":"https:\/\/verticaltechnik.ch\/fr\/produit\/carottage-beton-120-mm\/","title":{"rendered":"Carottage b\u00e9ton 120 mm"},"content":{"rendered":"<p>R\u00e9alisation de carottages de 120 mm de diam\u00e8tre dans le b\u00e9ton.<\/p>\n","protected":false},"excerpt":{"rendered":"<p>R\u00e9alisation de carottages de 120 mm de diam\u00e8tre dans le b\u00e9ton.<\/p>\n","protected":false},"featured_media":0,"template":"","meta":[],"product_brand":[],"product_cat":[11990],"product_tag":[],"class_list":{"0":"post-50422","1":"product","2":"type-product","3":"status-publish","5":"product_cat-services-de-construction","7":"first","8":"instock","9":"shipping-taxable","10":"purchasable","11":"product-type-simple"},"_links":{"self":[{"href":"https:\/\/verticaltechnik.ch\/fr\/wp-json\/wp\/v2\/product\/50422","targetHints":{"allow":["GET"]}}],"collection":[{"href":"https:\/\/verticaltechnik.ch\/fr\/wp-json\/wp\/v2\/product"}],"about":[{"href":"https:\/\/verticaltechnik.ch\/fr\/wp-json\/wp\/v2\/types\/product"}],"wp:attachment":[{"href":"https:\/\/verticaltechnik.ch\/fr\/wp-json\/wp\/v2\/media?parent=50422"}],"wp:term":[{"taxonomy":"product_brand","embeddable":true,"href":"https:\/\/verticaltechnik.ch\/fr\/wp-json\/wp\/v2\/product_brand?post=50422"},{"taxonomy":"product_cat","embeddable":true,"href":"https:\/\/verticaltechnik.ch\/fr\/wp-json\/wp\/v2\/product_cat?post=50422"},{"taxonomy":"product_tag","embeddable":true,"href":"https:\/\/verticaltechnik.ch\/fr\/wp-json\/wp\/v2\/product_tag?post=50422"}],"curies":[{"name":"wp","href":"https:\/\/api.w.org\/{rel}","templated":true}]}}