{"id":50437,"date":"2025-08-28T10:49:44","date_gmt":"2025-08-28T10:49:44","guid":{"rendered":"https:\/\/newvt.verticaltechnik.ch\/product\/panneau-dinformation-a1-regles\/"},"modified":"2025-08-28T10:49:44","modified_gmt":"2025-08-28T10:49:44","slug":"panneau-dinformation-a1-regles","status":"publish","type":"product","link":"https:\/\/verticaltechnik.ch\/fr\/produit\/panneau-dinformation-a1-regles\/","title":{"rendered":"Panneau d&rsquo;information A1 R\u00e8gles"},"content":{"rendered":"<p>Pour exploiter une installation de loisirs conform\u00e9ment aux normes, un panneau d&rsquo;information est n\u00e9cessaire. Il doit indiquer les normes EN correspondantes, les num\u00e9ros d&rsquo;urgence, les r\u00e8gles de conduite, les heures d&rsquo;ouverture et les contacts, ainsi que les recommandations du BfU. Ainsi, les utilisateurs et les spectateurs sont inform\u00e9s des risques et des r\u00e8gles. Pour les responsables d&rsquo;une installation de loisirs (associations, communes, entreprises, etc.), cette mesure est une \u00e9tape importante pour pr\u00e9venir les probl\u00e8mes avant qu&rsquo;ils ne surviennent. Le panneau d&rsquo;information est plac\u00e9 bien en \u00e9vidence \u00e0 l&rsquo;entr\u00e9e de l&rsquo;installation de loisirs.<br \/>\nLe panneau d&rsquo;information est personnalis\u00e9 par nos soins et contient les informations suivantes :<\/p>\n<p>- Heures d&rsquo;ouverture<br \/>\n- R\u00e8gles d&rsquo;utilisation<br \/>\n- Num\u00e9ros d&rsquo;urgence<br \/>\n- Avertissements de danger<br \/>\n- Contact exploitant avec logo<br \/>\n- Contact fabricant avec logo<br \/>\n- Norme EN<br \/>\n- Autres graphiques si souhait\u00e9<\/p>\n<p>Surface inscriptible 670 x 425 mm. <\/p>\n<p>Ce panneau d&rsquo;information au format A1 s&rsquo;adapte au support en acier chrom\u00e9 INOX portant le num\u00e9ro d&rsquo;article K01559. Le support peut accueillir deux panneaux d&rsquo;information au format A1. Le deuxi\u00e8me panneau peut \u00eatre utilis\u00e9 pour des informations suppl\u00e9mentaires, par exemple pour \u00e9num\u00e9rer des exercices avec des codes QR dans les installations de Street Workout.  <\/p>\n","protected":false},"excerpt":{"rendered":"<p>Pour exploiter une installation de loisirs conform\u00e9ment aux normes, un panneau d&rsquo;information est n\u00e9cessaire. Il doit indiquer les normes EN correspondantes, les num\u00e9ros d&rsquo;urgence, les r\u00e8gles de conduite, les heures&#8230;<\/p>\n","protected":false},"featured_media":42358,"template":"","meta":[],"product_brand":[],"product_cat":[11957],"product_tag":[],"class_list":{"0":"post-50437","1":"product","2":"type-product","3":"status-publish","4":"has-post-thumbnail","6":"product_cat-signalisation","8":"first","9":"instock","10":"shipping-taxable","11":"purchasable","12":"product-type-simple"},"_links":{"self":[{"href":"https:\/\/verticaltechnik.ch\/fr\/wp-json\/wp\/v2\/product\/50437","targetHints":{"allow":["GET"]}}],"collection":[{"href":"https:\/\/verticaltechnik.ch\/fr\/wp-json\/wp\/v2\/product"}],"about":[{"href":"https:\/\/verticaltechnik.ch\/fr\/wp-json\/wp\/v2\/types\/product"}],"wp:featuredmedia":[{"embeddable":true,"href":"https:\/\/verticaltechnik.ch\/fr\/wp-json\/wp\/v2\/media\/42358"}],"wp:attachment":[{"href":"https:\/\/verticaltechnik.ch\/fr\/wp-json\/wp\/v2\/media?parent=50437"}],"wp:term":[{"taxonomy":"product_brand","embeddable":true,"href":"https:\/\/verticaltechnik.ch\/fr\/wp-json\/wp\/v2\/product_brand?post=50437"},{"taxonomy":"product_cat","embeddable":true,"href":"https:\/\/verticaltechnik.ch\/fr\/wp-json\/wp\/v2\/product_cat?post=50437"},{"taxonomy":"product_tag","embeddable":true,"href":"https:\/\/verticaltechnik.ch\/fr\/wp-json\/wp\/v2\/product_tag?post=50437"}],"curies":[{"name":"wp","href":"https:\/\/api.w.org\/{rel}","templated":true}]}}