{"id":50438,"date":"2025-08-28T10:49:47","date_gmt":"2025-08-28T10:49:47","guid":{"rendered":"https:\/\/newvt.verticaltechnik.ch\/product\/miniramp-1100-6m-ext-1-5m-bank-with-granite-curb\/"},"modified":"2025-08-28T10:49:47","modified_gmt":"2025-08-28T10:49:47","slug":"miniramp-1100-6m-ext-1-5m-bank-with-granite-curb","status":"publish","type":"product","link":"https:\/\/verticaltechnik.ch\/fr\/produit\/miniramp-1100-6m-ext-1-5m-bank-with-granite-curb\/","title":{"rendered":"Miniramp 1100 6m + Ext.1.5m + Bank with Granite Curb"},"content":{"rendered":"<p>Une mini-rampe est une installation de skate avec une partie plate entre deux courbes avec des copings et des plateformes de chaque c\u00f4t\u00e9. Ce module sert \u00e0 faire des allers-retours et \u00e0 r\u00e9aliser entre autres des figures comme des grinds, des airs, des kick-flips ou des tailslides sur le coping. La bank sert entre autres de rampe d&rsquo;\u00e9lan. De la plateforme, on se dirige vers un module central pour y r\u00e9aliser des figures. En m\u00eame temps, il sert aussi de module pour r\u00e9aliser des figures sur le plan inclin\u00e9 et sur le curb en granit. Ce produit est compatible avec K02032 (Enclosure for Miniramp1100 6m + Ext.1.5m + Bank with Granite Curb)     <\/p>\n","protected":false},"excerpt":{"rendered":"<p>Une mini-rampe est une installation de skate avec une partie plate entre deux courbes avec des copings et des plateformes de chaque c\u00f4t\u00e9. Ce module sert \u00e0 faire des allers-retours&#8230;<\/p>\n","protected":false},"featured_media":42350,"template":"","meta":[],"product_brand":[],"product_cat":[12163],"product_tag":[],"class_list":{"0":"post-50438","1":"product","2":"type-product","3":"status-publish","4":"has-post-thumbnail","6":"product_cat-mini-rampe-1100","8":"first","9":"instock","10":"shipping-taxable","11":"purchasable","12":"product-type-simple"},"_links":{"self":[{"href":"https:\/\/verticaltechnik.ch\/fr\/wp-json\/wp\/v2\/product\/50438","targetHints":{"allow":["GET"]}}],"collection":[{"href":"https:\/\/verticaltechnik.ch\/fr\/wp-json\/wp\/v2\/product"}],"about":[{"href":"https:\/\/verticaltechnik.ch\/fr\/wp-json\/wp\/v2\/types\/product"}],"wp:featuredmedia":[{"embeddable":true,"href":"https:\/\/verticaltechnik.ch\/fr\/wp-json\/wp\/v2\/media\/42350"}],"wp:attachment":[{"href":"https:\/\/verticaltechnik.ch\/fr\/wp-json\/wp\/v2\/media?parent=50438"}],"wp:term":[{"taxonomy":"product_brand","embeddable":true,"href":"https:\/\/verticaltechnik.ch\/fr\/wp-json\/wp\/v2\/product_brand?post=50438"},{"taxonomy":"product_cat","embeddable":true,"href":"https:\/\/verticaltechnik.ch\/fr\/wp-json\/wp\/v2\/product_cat?post=50438"},{"taxonomy":"product_tag","embeddable":true,"href":"https:\/\/verticaltechnik.ch\/fr\/wp-json\/wp\/v2\/product_tag?post=50438"}],"curies":[{"name":"wp","href":"https:\/\/api.w.org\/{rel}","templated":true}]}}