{"id":50443,"date":"2025-08-28T10:49:43","date_gmt":"2025-08-28T10:49:43","guid":{"rendered":"https:\/\/newvt.verticaltechnik.ch\/product\/panneau-dinformation-a1-exercices\/"},"modified":"2025-08-28T10:49:43","modified_gmt":"2025-08-28T10:49:43","slug":"panneau-dinformation-a1-exercices","status":"publish","type":"product","link":"https:\/\/verticaltechnik.ch\/fr\/produit\/panneau-dinformation-a1-exercices\/","title":{"rendered":"Panneau d&rsquo;information A1 Exercices"},"content":{"rendered":"<p>Ce panneau d&rsquo;information est personnalis\u00e9 par nos soins et comporte, par exemple, les informations suivantes&nbsp;:<\/p>\n<p>- Exercices avec pictogrammes<br \/>\n- QR-codes vers les exercices<br \/>\n- Autres graphiques si souhait\u00e9<\/p>\n<p>Ce panneau d&rsquo;information au format A1 s&rsquo;adapte au support en acier chrom\u00e9 INOX portant le num\u00e9ro d&rsquo;article K01559. Le support peut accueillir deux panneaux d&rsquo;information au format A1. Le premier panneau est utilis\u00e9 pour l&rsquo;\u00e9num\u00e9ration des r\u00e8gles selon la norme.<br \/>\nSurface inscriptible 670 x 425 mm. <\/p>\n","protected":false},"excerpt":{"rendered":"<p>Ce panneau d&rsquo;information est personnalis\u00e9 par nos soins et comporte, par exemple, les informations suivantes&nbsp;: - Exercices avec pictogrammes - QR-codes vers les exercices - Autres graphiques si souhait\u00e9 Ce&#8230;<\/p>\n","protected":false},"featured_media":42362,"template":"","meta":[],"product_brand":[],"product_cat":[11957],"product_tag":[],"class_list":{"0":"post-50443","1":"product","2":"type-product","3":"status-publish","4":"has-post-thumbnail","6":"product_cat-signalisation","8":"first","9":"instock","10":"shipping-taxable","11":"purchasable","12":"product-type-simple"},"_links":{"self":[{"href":"https:\/\/verticaltechnik.ch\/fr\/wp-json\/wp\/v2\/product\/50443","targetHints":{"allow":["GET"]}}],"collection":[{"href":"https:\/\/verticaltechnik.ch\/fr\/wp-json\/wp\/v2\/product"}],"about":[{"href":"https:\/\/verticaltechnik.ch\/fr\/wp-json\/wp\/v2\/types\/product"}],"wp:featuredmedia":[{"embeddable":true,"href":"https:\/\/verticaltechnik.ch\/fr\/wp-json\/wp\/v2\/media\/42362"}],"wp:attachment":[{"href":"https:\/\/verticaltechnik.ch\/fr\/wp-json\/wp\/v2\/media?parent=50443"}],"wp:term":[{"taxonomy":"product_brand","embeddable":true,"href":"https:\/\/verticaltechnik.ch\/fr\/wp-json\/wp\/v2\/product_brand?post=50443"},{"taxonomy":"product_cat","embeddable":true,"href":"https:\/\/verticaltechnik.ch\/fr\/wp-json\/wp\/v2\/product_cat?post=50443"},{"taxonomy":"product_tag","embeddable":true,"href":"https:\/\/verticaltechnik.ch\/fr\/wp-json\/wp\/v2\/product_tag?post=50443"}],"curies":[{"name":"wp","href":"https:\/\/api.w.org\/{rel}","templated":true}]}}