{"id":50466,"date":"2025-08-28T10:48:40","date_gmt":"2025-08-28T10:48:40","guid":{"rendered":"https:\/\/newvt.verticaltechnik.ch\/product\/ensemble-de-street-workout-balloon-power\/"},"modified":"2026-02-16T16:50:43","modified_gmt":"2026-02-16T16:50:43","slug":"ensemble-de-street-workout-balloon-power","status":"publish","type":"product","link":"https:\/\/verticaltechnik.ch\/fr\/produit\/ensemble-de-street-workout-balloon-power\/","title":{"rendered":"Ensemble de street workout Balloon Power"},"content":{"rendered":"<p>Ensemble compos\u00e9 d&rsquo;une installation de Street Workout avec un double panneau d&rsquo;information en acier chrom\u00e9 conforme \u00e0 la norme EN 16630. L&rsquo;installation de Street Workout est con\u00e7ue pour un rev\u00eatement de protection antichute en EPDM. Le panneau d&rsquo;information mesure 1,72 m x 1,19 m, se compose de deux zones et est graphiquement retravaill\u00e9 par nos soins selon les souhaits du client. Dans la partie sup\u00e9rieure, les r\u00e8gles d&rsquo;utilisation et les coordonn\u00e9es sont indiqu\u00e9es conform\u00e9ment \u00e0 la norme. Dans la partie inf\u00e9rieure, l&rsquo;installation est repr\u00e9sent\u00e9e en 3D et des exercices avec des codes QR vers des vid\u00e9os d&rsquo;exercices sont indiqu\u00e9s, qui peuvent \u00eatre s\u00e9lectionn\u00e9s via un smartphone. Les r\u00e8gles d&rsquo;utilisation, les heures d&rsquo;utilisation, les num\u00e9ros d&rsquo;appel d&rsquo;urgence, les logos, les contacts de l&rsquo;exploitant ainsi que du fabricant sont indiqu\u00e9s conform\u00e9ment \u00e0 la norme. Des panneaux suppl\u00e9mentaires avec des exercices sont fix\u00e9s aux poteaux.       <\/p>\n<p>Description technique :<br \/>\nPoteaux en tubes d&rsquo;acier carr\u00e9s 120 x 120 x 5 mm galvanis\u00e9s et rev\u00eatus par poudre dans un coloris RAL selon les souhaits du client, avec bride pour la fixation sur les fondations, tubes transversaux galvanis\u00e9s avec plaques \u00e0 bride, vissages au moyen de vis sans t\u00eate M10 en acier chrom\u00e9 anti-vandalisme, sans \u00e9crous saillants, y compris la fiche technique pour les travaux de terrassement, les fondations et la protection antichute en EPDM.  <\/p>\n<p>Les travaux de terrassement, les fondations et la protection antichute sont mentionn\u00e9s \u00e0 titre d&rsquo;option dans nos offres \u00e0 des fins d&rsquo;orientation des co\u00fbts. Nous n&rsquo;effectuons pas ces prestations nous-m\u00eames, mais des ma\u00eetres d&rsquo;\u0153uvre locaux ou des entreprises sp\u00e9cialis\u00e9es dans la protection antichute. Apr\u00e8s accord, nous sommes toutefois pr\u00eats \u00e0 ex\u00e9cuter ces prestations dans le cadre d&rsquo;une entreprise g\u00e9n\u00e9rale ou, si le client confie les prestations directement \u00e0 des entreprises tierces, \u00e0 \u00e9tablir les plans d&rsquo;ex\u00e9cution et \u00e0 prendre en charge la direction des travaux.  <\/p>\n<p>Contenu de la livraison :&nbsp;<br \/>\n- Installation de street workout Balloon Power<br \/>\n- Panneau d\u2019information double complet en ACIER CHROM\u00c9 (num\u00e9ro d\u2019article K02030)<\/p>\n","protected":false},"excerpt":{"rendered":"<p>Ensemble compos\u00e9 d&rsquo;une installation de Street Workout avec un double panneau d&rsquo;information en acier chrom\u00e9 conforme \u00e0 la norme EN 16630. L&rsquo;installation de Street Workout est con\u00e7ue pour un rev\u00eatement&#8230;<\/p>\n","protected":false},"featured_media":42398,"template":"","meta":[],"product_brand":[],"product_cat":[11962,11825],"product_tag":[],"class_list":{"0":"post-50466","1":"product","2":"type-product","3":"status-publish","4":"has-post-thumbnail","6":"product_cat-set-installations-completes","7":"product_cat-street-workout-fr","9":"first","10":"instock","11":"shipping-taxable","12":"purchasable","13":"product-type-simple"},"_links":{"self":[{"href":"https:\/\/verticaltechnik.ch\/fr\/wp-json\/wp\/v2\/product\/50466","targetHints":{"allow":["GET"]}}],"collection":[{"href":"https:\/\/verticaltechnik.ch\/fr\/wp-json\/wp\/v2\/product"}],"about":[{"href":"https:\/\/verticaltechnik.ch\/fr\/wp-json\/wp\/v2\/types\/product"}],"wp:featuredmedia":[{"embeddable":true,"href":"https:\/\/verticaltechnik.ch\/fr\/wp-json\/wp\/v2\/media\/42398"}],"wp:attachment":[{"href":"https:\/\/verticaltechnik.ch\/fr\/wp-json\/wp\/v2\/media?parent=50466"}],"wp:term":[{"taxonomy":"product_brand","embeddable":true,"href":"https:\/\/verticaltechnik.ch\/fr\/wp-json\/wp\/v2\/product_brand?post=50466"},{"taxonomy":"product_cat","embeddable":true,"href":"https:\/\/verticaltechnik.ch\/fr\/wp-json\/wp\/v2\/product_cat?post=50466"},{"taxonomy":"product_tag","embeddable":true,"href":"https:\/\/verticaltechnik.ch\/fr\/wp-json\/wp\/v2\/product_tag?post=50466"}],"curies":[{"name":"wp","href":"https:\/\/api.w.org\/{rel}","templated":true}]}}