{"id":50481,"date":"2025-08-28T10:48:30","date_gmt":"2025-08-28T10:48:30","guid":{"rendered":"https:\/\/newvt.verticaltechnik.ch\/product\/local-technique-avec-porte-et-serrure-kaba\/"},"modified":"2025-08-28T10:48:30","modified_gmt":"2025-08-28T10:48:30","slug":"local-technique-avec-porte-et-serrure-kaba","status":"publish","type":"product","link":"https:\/\/verticaltechnik.ch\/fr\/produit\/local-technique-avec-porte-et-serrure-kaba\/","title":{"rendered":"Local technique avec porte et serrure KABA"},"content":{"rendered":"<p>Habillage de la construction sous la plateforme avec t\u00f4le galvanis\u00e9e, renforcement avec traverses, installation d&rsquo;un cadre de porte avec charni\u00e8res et d&rsquo;une serrure KABA. Utilisation comme local technique pour balais, sacs poubelles, etc. Dimensions : individuelles <\/p>\n","protected":false},"excerpt":{"rendered":"<p>Habillage de la construction sous la plateforme avec t\u00f4le galvanis\u00e9e, renforcement avec traverses, installation d&rsquo;un cadre de porte avec charni\u00e8res et d&rsquo;une serrure KABA. Utilisation comme local technique pour balais,&#8230;<\/p>\n","protected":false},"featured_media":42434,"template":"","meta":[],"product_brand":[],"product_cat":[12253],"product_tag":[],"class_list":{"0":"post-50481","1":"product","2":"type-product","3":"status-publish","4":"has-post-thumbnail","6":"product_cat-local-a-outils-verrouillable","8":"first","9":"instock","10":"shipping-taxable","11":"purchasable","12":"product-type-simple"},"_links":{"self":[{"href":"https:\/\/verticaltechnik.ch\/fr\/wp-json\/wp\/v2\/product\/50481","targetHints":{"allow":["GET"]}}],"collection":[{"href":"https:\/\/verticaltechnik.ch\/fr\/wp-json\/wp\/v2\/product"}],"about":[{"href":"https:\/\/verticaltechnik.ch\/fr\/wp-json\/wp\/v2\/types\/product"}],"wp:featuredmedia":[{"embeddable":true,"href":"https:\/\/verticaltechnik.ch\/fr\/wp-json\/wp\/v2\/media\/42434"}],"wp:attachment":[{"href":"https:\/\/verticaltechnik.ch\/fr\/wp-json\/wp\/v2\/media?parent=50481"}],"wp:term":[{"taxonomy":"product_brand","embeddable":true,"href":"https:\/\/verticaltechnik.ch\/fr\/wp-json\/wp\/v2\/product_brand?post=50481"},{"taxonomy":"product_cat","embeddable":true,"href":"https:\/\/verticaltechnik.ch\/fr\/wp-json\/wp\/v2\/product_cat?post=50481"},{"taxonomy":"product_tag","embeddable":true,"href":"https:\/\/verticaltechnik.ch\/fr\/wp-json\/wp\/v2\/product_tag?post=50481"}],"curies":[{"name":"wp","href":"https:\/\/api.w.org\/{rel}","templated":true}]}}