{"id":50488,"date":"2025-08-28T10:47:33","date_gmt":"2025-08-28T10:47:33","guid":{"rendered":"https:\/\/newvt.verticaltechnik.ch\/product\/enclosure-for-bank-950-25-6m-with-curb\/"},"modified":"2026-02-05T16:07:06","modified_gmt":"2026-02-05T16:07:06","slug":"enclosure-for-bank-950-25-6m-with-curb","status":"publish","type":"product","link":"https:\/\/verticaltechnik.ch\/fr\/produit\/enclosure-for-bank-950-25-6m-with-curb\/","title":{"rendered":"Enclosure for Bank 950 25\u00b0 6m with Curb"},"content":{"rendered":"<p>Les coffrages emp\u00eachent l\u2019accumulation de d\u00e9chets sous les skateparks. Le coffrage est \u00e9quip\u00e9 d\u2019une trappe de service. Une porte de service verrouillable peut \u00e9galement \u00eatre install\u00e9e en option. Des fentes d\u2019a\u00e9ration assurent la circulation de l\u2019air. Ce produit est compatible avec K00597.<\/p>\n","protected":false},"excerpt":{"rendered":"<p>Les coffrages emp\u00eachent l\u2019accumulation de d\u00e9chets sous les skateparks. Le coffrage est \u00e9quip\u00e9 d\u2019une trappe de service. Une porte de service verrouillable peut \u00e9galement \u00eatre install\u00e9e en option. Des fentes&#8230;<\/p>\n","protected":false},"featured_media":57900,"template":"","meta":[],"product_brand":[],"product_cat":[11935],"product_tag":[],"class_list":{"0":"post-50488","1":"product","2":"type-product","3":"status-publish","4":"has-post-thumbnail","6":"product_cat-module","8":"first","9":"instock","10":"shipping-taxable","11":"purchasable","12":"product-type-simple"},"_links":{"self":[{"href":"https:\/\/verticaltechnik.ch\/fr\/wp-json\/wp\/v2\/product\/50488","targetHints":{"allow":["GET"]}}],"collection":[{"href":"https:\/\/verticaltechnik.ch\/fr\/wp-json\/wp\/v2\/product"}],"about":[{"href":"https:\/\/verticaltechnik.ch\/fr\/wp-json\/wp\/v2\/types\/product"}],"wp:featuredmedia":[{"embeddable":true,"href":"https:\/\/verticaltechnik.ch\/fr\/wp-json\/wp\/v2\/media\/57900"}],"wp:attachment":[{"href":"https:\/\/verticaltechnik.ch\/fr\/wp-json\/wp\/v2\/media?parent=50488"}],"wp:term":[{"taxonomy":"product_brand","embeddable":true,"href":"https:\/\/verticaltechnik.ch\/fr\/wp-json\/wp\/v2\/product_brand?post=50488"},{"taxonomy":"product_cat","embeddable":true,"href":"https:\/\/verticaltechnik.ch\/fr\/wp-json\/wp\/v2\/product_cat?post=50488"},{"taxonomy":"product_tag","embeddable":true,"href":"https:\/\/verticaltechnik.ch\/fr\/wp-json\/wp\/v2\/product_tag?post=50488"}],"curies":[{"name":"wp","href":"https:\/\/api.w.org\/{rel}","templated":true}]}}