{"id":50493,"date":"2025-08-28T10:47:27","date_gmt":"2025-08-28T10:47:27","guid":{"rendered":"https:\/\/newvt.verticaltechnik.ch\/product\/panneau-dinformation-a1\/"},"modified":"2026-03-19T13:51:33","modified_gmt":"2026-03-19T13:51:33","slug":"panneau-dinformation-a1","status":"publish","type":"product","link":"https:\/\/verticaltechnik.ch\/fr\/produit\/panneau-dinformation-a1\/","title":{"rendered":"Panneau d&rsquo;information A1"},"content":{"rendered":"<p>Pour lexploitation dune installation de loisirs, nous recommandons dinstaller un panneau dinformation conforme \u00e0 la norme EN respective, avec les num\u00e9ros durgence, les r\u00e8gles de comportement, les heures douverture et les contacts, ainsi que les recommandations du BfU. Il est important dinformer les utilisateurs et les spectateurs sur les risques et les r\u00e8gles. Pour les responsables dune installation de loisirs (associations, communes, entreprises, etc.), cette mesure est une \u00e9tape importante pour pr\u00e9venir les probl\u00e8mes avant quils ne surviennent.  <\/p>\n<p>Le panneau dinformation est adapt\u00e9 individuellement et contient les informations suivantes :<\/p>\n<p>- Adresse du fabricant avec logo<br \/>\n- Logo de la commune, des sponsors, de l\u2019association, etc.<br \/>\n- R\u00e8gles d\u2019utilisation<br \/>\n- Avertissements de danger<br \/>\n- Heures d\u2019ouverture<br \/>\n- Num\u00e9ros d\u2019urgence<br \/>\n- Adresse de l\u2019op\u00e9rateur<\/p>\n<p>Surface inscriptible 670 x 425 mm.<br \/>\nCe produit est compatible avec le K01559.<\/p>\n","protected":false},"excerpt":{"rendered":"<p>Pour lexploitation dune installation de loisirs, nous recommandons dinstaller un panneau dinformation conforme \u00e0 la norme EN respective, avec les num\u00e9ros durgence, les r\u00e8gles de comportement, les heures douverture et&#8230;<\/p>\n","protected":false},"featured_media":42462,"template":"","meta":[],"product_brand":[],"product_cat":[11957],"product_tag":[],"class_list":{"0":"post-50493","1":"product","2":"type-product","3":"status-publish","4":"has-post-thumbnail","6":"product_cat-signalisation","8":"first","9":"instock","10":"shipping-taxable","11":"purchasable","12":"product-type-simple"},"_links":{"self":[{"href":"https:\/\/verticaltechnik.ch\/fr\/wp-json\/wp\/v2\/product\/50493","targetHints":{"allow":["GET"]}}],"collection":[{"href":"https:\/\/verticaltechnik.ch\/fr\/wp-json\/wp\/v2\/product"}],"about":[{"href":"https:\/\/verticaltechnik.ch\/fr\/wp-json\/wp\/v2\/types\/product"}],"wp:featuredmedia":[{"embeddable":true,"href":"https:\/\/verticaltechnik.ch\/fr\/wp-json\/wp\/v2\/media\/42462"}],"wp:attachment":[{"href":"https:\/\/verticaltechnik.ch\/fr\/wp-json\/wp\/v2\/media?parent=50493"}],"wp:term":[{"taxonomy":"product_brand","embeddable":true,"href":"https:\/\/verticaltechnik.ch\/fr\/wp-json\/wp\/v2\/product_brand?post=50493"},{"taxonomy":"product_cat","embeddable":true,"href":"https:\/\/verticaltechnik.ch\/fr\/wp-json\/wp\/v2\/product_cat?post=50493"},{"taxonomy":"product_tag","embeddable":true,"href":"https:\/\/verticaltechnik.ch\/fr\/wp-json\/wp\/v2\/product_tag?post=50493"}],"curies":[{"name":"wp","href":"https:\/\/api.w.org\/{rel}","templated":true}]}}