{"id":50494,"date":"2025-08-28T10:47:29","date_gmt":"2025-08-28T10:47:29","guid":{"rendered":"https:\/\/newvt.verticaltechnik.ch\/product\/street-workout-set-avenir-power\/"},"modified":"2026-04-13T09:28:09","modified_gmt":"2026-04-13T09:28:09","slug":"street-workout-set-avenir-power","status":"publish","type":"product","link":"https:\/\/verticaltechnik.ch\/fr\/produit\/street-workout-set-avenir-power\/","title":{"rendered":"Street Workout Set Avenir Power"},"content":{"rendered":"<p>Ensemble compos\u00e9 d\u2019une installation de street workout avec un double panneau d\u2019information en acier chrom\u00e9 conforme \u00e0 la norme EN 16630. L\u2019installation de street workout est con\u00e7ue pour un rev\u00eatement amortissant en EPDM. Le panneau d\u2019information mesure 1,72 m x 1,19 m, se compose de deux zones et est mis en page graphiquement par nos soins selon les souhaits du client. Dans la partie sup\u00e9rieure figurent les r\u00e8gles d\u2019utilisation et les coordonn\u00e9es de contact conform\u00e9ment \u00e0 la norme. Dans la partie inf\u00e9rieure, l\u2019installation est pr\u00e9sent\u00e9e en 3D et des exercices avec des codes QR menant \u00e0 des vid\u00e9os d\u2019exercices, s\u00e9lectionnables via smartphone, sont indiqu\u00e9s. Les r\u00e8gles d\u2019utilisation, les horaires d\u2019utilisation, les num\u00e9ros d\u2019urgence, les logos, les contacts de l\u2019exploitant ainsi que du fabricant sont indiqu\u00e9s conform\u00e9ment \u00e0 la norme.      Des panneaux d&rsquo;exercices suppl\u00e9mentaires sont fix\u00e9s aux poteaux.<\/p>\n<p>Description technique :<br \/>\nPoteaux en tubes d&rsquo;acier carr\u00e9s 120 x 120 x 5 mm galvanis\u00e9s et thermolaqu\u00e9s dans une teinte RAL au choix du client, avec bride pour fixation sur les fondations, traverses galvanis\u00e9es avec plaques \u00e0 bride, visseries au moyen de vis Allen M10 en acier chrom\u00e9 anti-vandalisme, sans \u00e9crous saillants, incl. fiche technique pour les travaux de terrassement, les fondations et la protection antichute en EPDM. <\/p>\n<p>Les travaux de terrassement, les fondations et la protection antichute sont mentionn\u00e9s \u00e0 titre d&rsquo;option dans nos offres \u00e0 des fins d&rsquo;orientation des co\u00fbts. Nous n&rsquo;effectuons pas ces prestations nous-m\u00eames, mais des ma\u00eetres d&rsquo;\u0153uvre locaux ou des entreprises sp\u00e9cialis\u00e9es dans la protection antichute. Apr\u00e8s accord, nous sommes toutefois pr\u00eats \u00e0 ex\u00e9cuter ces prestations dans le cadre d&rsquo;une entreprise g\u00e9n\u00e9rale ou, si le client confie les prestations directement \u00e0 des entreprises tierces, \u00e0 \u00e9tablir les plans d&rsquo;ex\u00e9cution et \u00e0 prendre en charge la direction des travaux.  <\/p>\n<p>Contenu de la livraison&nbsp;:<br \/>\n- Installation de street workout Avenir Power<br \/>\n- 3x barres en U 1200<br \/>\n- Panneau d\u2019information double complet en ACIER CHROM\u00c9 (num\u00e9ro d\u2019article&nbsp;: K02030)<\/p>\n","protected":false},"excerpt":{"rendered":"<p>Ensemble compos\u00e9 d\u2019une installation de street workout avec un double panneau d\u2019information en acier chrom\u00e9 conforme \u00e0 la norme EN 16630. L\u2019installation de street workout est con\u00e7ue pour un rev\u00eatement&#8230;<\/p>\n","protected":false},"featured_media":42458,"template":"","meta":[],"product_brand":[],"product_cat":[12257,11962,11825],"product_tag":[],"class_list":{"0":"post-50494","1":"product","2":"type-product","3":"status-publish","4":"has-post-thumbnail","6":"product_cat-version-power","7":"product_cat-set-installations-completes","8":"product_cat-street-workout-fr","10":"first","11":"instock","12":"shipping-taxable","13":"purchasable","14":"product-type-simple"},"_links":{"self":[{"href":"https:\/\/verticaltechnik.ch\/fr\/wp-json\/wp\/v2\/product\/50494","targetHints":{"allow":["GET"]}}],"collection":[{"href":"https:\/\/verticaltechnik.ch\/fr\/wp-json\/wp\/v2\/product"}],"about":[{"href":"https:\/\/verticaltechnik.ch\/fr\/wp-json\/wp\/v2\/types\/product"}],"wp:featuredmedia":[{"embeddable":true,"href":"https:\/\/verticaltechnik.ch\/fr\/wp-json\/wp\/v2\/media\/42458"}],"wp:attachment":[{"href":"https:\/\/verticaltechnik.ch\/fr\/wp-json\/wp\/v2\/media?parent=50494"}],"wp:term":[{"taxonomy":"product_brand","embeddable":true,"href":"https:\/\/verticaltechnik.ch\/fr\/wp-json\/wp\/v2\/product_brand?post=50494"},{"taxonomy":"product_cat","embeddable":true,"href":"https:\/\/verticaltechnik.ch\/fr\/wp-json\/wp\/v2\/product_cat?post=50494"},{"taxonomy":"product_tag","embeddable":true,"href":"https:\/\/verticaltechnik.ch\/fr\/wp-json\/wp\/v2\/product_tag?post=50494"}],"curies":[{"name":"wp","href":"https:\/\/api.w.org\/{rel}","templated":true}]}}