{"id":50498,"date":"2025-08-28T11:07:18","date_gmt":"2025-08-28T11:07:18","guid":{"rendered":"https:\/\/newvt.verticaltechnik.ch\/product\/kit-de-transformation-des-garde-corps-lateraux\/"},"modified":"2025-08-28T11:07:18","modified_gmt":"2025-08-28T11:07:18","slug":"kit-de-transformation-des-garde-corps-lateraux","status":"publish","type":"product","link":"https:\/\/verticaltechnik.ch\/fr\/produit\/kit-de-transformation-des-garde-corps-lateraux\/","title":{"rendered":"Kit de transformation des garde-corps lat\u00e9raux"},"content":{"rendered":"<p>Afin de mettre les garde-corps lat\u00e9raux en conformit\u00e9 avec la norme actuelle, nous effectuons sur place une transformation des garde-corps existants. Pour ce faire, nous utilisons une pi\u00e8ce de rechange pr\u00e9fabriqu\u00e9e et galvanis\u00e9e, sp\u00e9cialement con\u00e7ue pour transformer les angles vifs en une forme biseaut\u00e9e. Dans un premier temps, les angles existants des garde-corps existants sont soigneusement s\u00e9par\u00e9s. Ensuite, nous mettons en place la pi\u00e8ce de rechange pr\u00e9par\u00e9e et la fixons par rivetage afin d&rsquo;\u00e9tablir une liaison s\u00fbre et conforme aux normes. Ce processus garantit une solution durable et techniquement irr\u00e9prochable, qui r\u00e9pond aux exigences de s\u00e9curit\u00e9 actuelles de la norme DIN EN 14974:2019-06.    <\/p>\n","protected":false},"excerpt":{"rendered":"<p>Afin de mettre les garde-corps lat\u00e9raux en conformit\u00e9 avec la norme actuelle, nous effectuons sur place une transformation des garde-corps existants. Pour ce faire, nous utilisons une pi\u00e8ce de rechange&#8230;<\/p>\n","protected":false},"featured_media":42166,"template":"","meta":[],"product_brand":[],"product_cat":[11746],"product_tag":[],"class_list":{"0":"post-50498","1":"product","2":"type-product","3":"status-publish","4":"has-post-thumbnail","6":"product_cat-remplacement-du-revetement-anti-encastrement","8":"first","9":"instock","10":"shipping-taxable","11":"purchasable","12":"product-type-simple"},"_links":{"self":[{"href":"https:\/\/verticaltechnik.ch\/fr\/wp-json\/wp\/v2\/product\/50498","targetHints":{"allow":["GET"]}}],"collection":[{"href":"https:\/\/verticaltechnik.ch\/fr\/wp-json\/wp\/v2\/product"}],"about":[{"href":"https:\/\/verticaltechnik.ch\/fr\/wp-json\/wp\/v2\/types\/product"}],"wp:featuredmedia":[{"embeddable":true,"href":"https:\/\/verticaltechnik.ch\/fr\/wp-json\/wp\/v2\/media\/42166"}],"wp:attachment":[{"href":"https:\/\/verticaltechnik.ch\/fr\/wp-json\/wp\/v2\/media?parent=50498"}],"wp:term":[{"taxonomy":"product_brand","embeddable":true,"href":"https:\/\/verticaltechnik.ch\/fr\/wp-json\/wp\/v2\/product_brand?post=50498"},{"taxonomy":"product_cat","embeddable":true,"href":"https:\/\/verticaltechnik.ch\/fr\/wp-json\/wp\/v2\/product_cat?post=50498"},{"taxonomy":"product_tag","embeddable":true,"href":"https:\/\/verticaltechnik.ch\/fr\/wp-json\/wp\/v2\/product_tag?post=50498"}],"curies":[{"name":"wp","href":"https:\/\/api.w.org\/{rel}","templated":true}]}}