{"id":50504,"date":"2025-08-28T11:07:17","date_gmt":"2025-08-28T11:07:17","guid":{"rendered":"https:\/\/newvt.verticaltechnik.ch\/product\/remplacement-du-revetement-inferieur-de-la-mini-rampe-1400x7-5m-partie-plate\/"},"modified":"2025-08-28T11:07:17","modified_gmt":"2025-08-28T11:07:17","slug":"remplacement-du-revetement-inferieur-de-la-mini-rampe-1400x7-5m-partie-plate","status":"publish","type":"product","link":"https:\/\/verticaltechnik.ch\/fr\/product\/remplacement-du-revetement-inferieur-de-la-mini-rampe-1400x7-5m-partie-plate\/","title":{"rendered":"Remplacement du rev\u00eatement inf\u00e9rieur de la mini-rampe 1400&#215;7.5m (partie plate)"},"content":{"rendered":"<p>D\u00e9montage du rev\u00eatement de roulement existant et des anciennes lattes de bois dans la partie plate (d\u00e9veloppement 2.2m). D\u00e9coupe et montage de nouvelles lattes de bois, ainsi que remontage du rev\u00eatement de roulement existant. Mat\u00e9riel de visserie inclus. \u00c9vacuation de l&rsquo;ancien mat\u00e9riel par le client, veuillez mettre \u00e0 disposition une benne \u00e0 bois.    <\/p>\n","protected":false},"excerpt":{"rendered":"<p>D\u00e9montage du rev\u00eatement de roulement existant et des anciennes lattes de bois dans la partie plate (d\u00e9veloppement 2.2m). D\u00e9coupe et montage de nouvelles lattes de bois, ainsi que remontage du&#8230;<\/p>\n","protected":false},"featured_media":42170,"template":"","meta":[],"product_brand":[],"product_cat":[11746],"product_tag":[],"class_list":{"0":"post-50504","1":"product","2":"type-product","3":"status-publish","4":"has-post-thumbnail","6":"product_cat-remplacement-du-revetement-anti-encastrement","8":"first","9":"instock","10":"shipping-taxable","11":"purchasable","12":"product-type-simple"},"_links":{"self":[{"href":"https:\/\/verticaltechnik.ch\/fr\/wp-json\/wp\/v2\/product\/50504","targetHints":{"allow":["GET"]}}],"collection":[{"href":"https:\/\/verticaltechnik.ch\/fr\/wp-json\/wp\/v2\/product"}],"about":[{"href":"https:\/\/verticaltechnik.ch\/fr\/wp-json\/wp\/v2\/types\/product"}],"wp:featuredmedia":[{"embeddable":true,"href":"https:\/\/verticaltechnik.ch\/fr\/wp-json\/wp\/v2\/media\/42170"}],"wp:attachment":[{"href":"https:\/\/verticaltechnik.ch\/fr\/wp-json\/wp\/v2\/media?parent=50504"}],"wp:term":[{"taxonomy":"product_brand","embeddable":true,"href":"https:\/\/verticaltechnik.ch\/fr\/wp-json\/wp\/v2\/product_brand?post=50504"},{"taxonomy":"product_cat","embeddable":true,"href":"https:\/\/verticaltechnik.ch\/fr\/wp-json\/wp\/v2\/product_cat?post=50504"},{"taxonomy":"product_tag","embeddable":true,"href":"https:\/\/verticaltechnik.ch\/fr\/wp-json\/wp\/v2\/product_tag?post=50504"}],"curies":[{"name":"wp","href":"https:\/\/api.w.org\/{rel}","templated":true}]}}