{"id":50524,"date":"2025-08-28T11:05:17","date_gmt":"2025-08-28T11:05:17","guid":{"rendered":"https:\/\/newvt.verticaltechnik.ch\/product\/intermediaire-urbain\/"},"modified":"2025-08-28T11:05:17","modified_gmt":"2025-08-28T11:05:17","slug":"intermediaire-urbain","status":"publish","type":"product","link":"https:\/\/verticaltechnik.ch\/fr\/produit\/intermediaire-urbain\/","title":{"rendered":"INTERM\u00c9DIAIRE URBAIN"},"content":{"rendered":"<p>Avec pr\u00e8s de 30 m\u00e8tres de long, vous pouvez d\u00e9j\u00e0 transpirer et acqu\u00e9rir de l&rsquo;exp\u00e9rience en mati\u00e8re de vagues.<\/p>\n<p>L\u2019Urban Edition en b\u00e9ton avec une piste extra large de 1,4&nbsp;m est particuli\u00e8rement robuste et durable. Cette variante est int\u00e9gr\u00e9e de mani\u00e8re affleurante et permanente dans le sol ou plac\u00e9e sur l\u2019espace libre. <\/p>\n","protected":false},"excerpt":{"rendered":"<p>Avec pr\u00e8s de 30 m\u00e8tres de long, vous pouvez d\u00e9j\u00e0 transpirer et acqu\u00e9rir de l&rsquo;exp\u00e9rience en mati\u00e8re de vagues. L\u2019Urban Edition en b\u00e9ton avec une piste extra large de 1,4&nbsp;m&#8230;<\/p>\n","protected":false},"featured_media":47579,"template":"","meta":[],"product_brand":[],"product_cat":[12036],"product_tag":[],"class_list":{"0":"post-50524","1":"product","2":"type-product","3":"status-publish","4":"has-post-thumbnail","6":"product_cat-edition-urban","8":"first","9":"instock","10":"shipping-taxable","11":"purchasable","12":"product-type-simple"},"_links":{"self":[{"href":"https:\/\/verticaltechnik.ch\/fr\/wp-json\/wp\/v2\/product\/50524","targetHints":{"allow":["GET"]}}],"collection":[{"href":"https:\/\/verticaltechnik.ch\/fr\/wp-json\/wp\/v2\/product"}],"about":[{"href":"https:\/\/verticaltechnik.ch\/fr\/wp-json\/wp\/v2\/types\/product"}],"wp:featuredmedia":[{"embeddable":true,"href":"https:\/\/verticaltechnik.ch\/fr\/wp-json\/wp\/v2\/media\/47579"}],"wp:attachment":[{"href":"https:\/\/verticaltechnik.ch\/fr\/wp-json\/wp\/v2\/media?parent=50524"}],"wp:term":[{"taxonomy":"product_brand","embeddable":true,"href":"https:\/\/verticaltechnik.ch\/fr\/wp-json\/wp\/v2\/product_brand?post=50524"},{"taxonomy":"product_cat","embeddable":true,"href":"https:\/\/verticaltechnik.ch\/fr\/wp-json\/wp\/v2\/product_cat?post=50524"},{"taxonomy":"product_tag","embeddable":true,"href":"https:\/\/verticaltechnik.ch\/fr\/wp-json\/wp\/v2\/product_tag?post=50524"}],"curies":[{"name":"wp","href":"https:\/\/api.w.org\/{rel}","templated":true}]}}