{"id":50536,"date":"2025-08-28T11:04:14","date_gmt":"2025-08-28T11:04:14","guid":{"rendered":"https:\/\/newvt.verticaltechnik.ch\/product\/park-blazer\/"},"modified":"2025-08-28T11:04:14","modified_gmt":"2025-08-28T11:04:14","slug":"park-blazer","status":"publish","type":"product","link":"https:\/\/verticaltechnik.ch\/fr\/produit\/park-blazer\/","title":{"rendered":"PARK BLAZER"},"content":{"rendered":"<p>Toutes les variantes en fibre de verre sont disponibles en deux ou, en option, trois couleurs RAL.<\/p>\n<p>La Park Edition en FIBERGLAS, avec sa chauss\u00e9e extra large, assure un plaisir de conduite encore plus rapide et une s\u00e9curit\u00e9 maximale sur le Pumptrack modulaire. Pr\u00e9f\u00e9r\u00e9 pour une utilisation permanente, mais aussi possible en mobilit\u00e9 limit\u00e9e ! <\/p>\n","protected":false},"excerpt":{"rendered":"<p>Toutes les variantes en fibre de verre sont disponibles en deux ou, en option, trois couleurs RAL. La Park Edition en FIBERGLAS, avec sa chauss\u00e9e extra large, assure un plaisir&#8230;<\/p>\n","protected":false},"featured_media":47419,"template":"","meta":[],"product_brand":[],"product_cat":[12039],"product_tag":[],"class_list":{"0":"post-50536","1":"product","2":"type-product","3":"status-publish","4":"has-post-thumbnail","6":"product_cat-park-edition","8":"first","9":"instock","10":"shipping-taxable","11":"purchasable","12":"product-type-simple"},"_links":{"self":[{"href":"https:\/\/verticaltechnik.ch\/fr\/wp-json\/wp\/v2\/product\/50536","targetHints":{"allow":["GET"]}}],"collection":[{"href":"https:\/\/verticaltechnik.ch\/fr\/wp-json\/wp\/v2\/product"}],"about":[{"href":"https:\/\/verticaltechnik.ch\/fr\/wp-json\/wp\/v2\/types\/product"}],"wp:featuredmedia":[{"embeddable":true,"href":"https:\/\/verticaltechnik.ch\/fr\/wp-json\/wp\/v2\/media\/47419"}],"wp:attachment":[{"href":"https:\/\/verticaltechnik.ch\/fr\/wp-json\/wp\/v2\/media?parent=50536"}],"wp:term":[{"taxonomy":"product_brand","embeddable":true,"href":"https:\/\/verticaltechnik.ch\/fr\/wp-json\/wp\/v2\/product_brand?post=50536"},{"taxonomy":"product_cat","embeddable":true,"href":"https:\/\/verticaltechnik.ch\/fr\/wp-json\/wp\/v2\/product_cat?post=50536"},{"taxonomy":"product_tag","embeddable":true,"href":"https:\/\/verticaltechnik.ch\/fr\/wp-json\/wp\/v2\/product_tag?post=50536"}],"curies":[{"name":"wp","href":"https:\/\/api.w.org\/{rel}","templated":true}]}}