{"id":50566,"date":"2025-08-28T10:47:25","date_gmt":"2025-08-28T10:47:25","guid":{"rendered":"https:\/\/newvt.verticaltechnik.ch\/product\/u-bar-1200-combi-galvanise\/"},"modified":"2025-08-28T10:47:25","modified_gmt":"2025-08-28T10:47:25","slug":"u-bar-1200-combi-galvanise","status":"publish","type":"product","link":"https:\/\/verticaltechnik.ch\/fr\/produit\/u-bar-1200-combi-galvanise\/","title":{"rendered":"U Bar 1200 Combi (galvanis\u00e9)"},"content":{"rendered":"<p>Tube rond 48.3 x 3.2 mm, galvanis\u00e9, fixation avec des plaques \u00e0 bride sur socle en b\u00e9ton avec des vis M10 galvanis\u00e9es.<\/p>\n","protected":false},"excerpt":{"rendered":"<p>Tube rond 48.3 x 3.2 mm, galvanis\u00e9, fixation avec des plaques \u00e0 bride sur socle en b\u00e9ton avec des vis M10 galvanis\u00e9es.<\/p>\n","protected":false},"featured_media":42470,"template":"","meta":[],"product_brand":[],"product_cat":[12005],"product_tag":[],"class_list":{"0":"post-50566","1":"product","2":"type-product","3":"status-publish","4":"has-post-thumbnail","6":"product_cat-accessoires","8":"first","9":"instock","10":"shipping-taxable","11":"purchasable","12":"product-type-simple"},"_links":{"self":[{"href":"https:\/\/verticaltechnik.ch\/fr\/wp-json\/wp\/v2\/product\/50566","targetHints":{"allow":["GET"]}}],"collection":[{"href":"https:\/\/verticaltechnik.ch\/fr\/wp-json\/wp\/v2\/product"}],"about":[{"href":"https:\/\/verticaltechnik.ch\/fr\/wp-json\/wp\/v2\/types\/product"}],"wp:featuredmedia":[{"embeddable":true,"href":"https:\/\/verticaltechnik.ch\/fr\/wp-json\/wp\/v2\/media\/42470"}],"wp:attachment":[{"href":"https:\/\/verticaltechnik.ch\/fr\/wp-json\/wp\/v2\/media?parent=50566"}],"wp:term":[{"taxonomy":"product_brand","embeddable":true,"href":"https:\/\/verticaltechnik.ch\/fr\/wp-json\/wp\/v2\/product_brand?post=50566"},{"taxonomy":"product_cat","embeddable":true,"href":"https:\/\/verticaltechnik.ch\/fr\/wp-json\/wp\/v2\/product_cat?post=50566"},{"taxonomy":"product_tag","embeddable":true,"href":"https:\/\/verticaltechnik.ch\/fr\/wp-json\/wp\/v2\/product_tag?post=50566"}],"curies":[{"name":"wp","href":"https:\/\/api.w.org\/{rel}","templated":true}]}}