{"id":50572,"date":"2025-08-28T10:47:24","date_gmt":"2025-08-28T10:47:24","guid":{"rendered":"https:\/\/newvt.verticaltechnik.ch\/product\/street-workout-23\/"},"modified":"2026-03-12T08:18:55","modified_gmt":"2026-03-12T08:18:55","slug":"street-workout-23","status":"publish","type":"product","link":"https:\/\/verticaltechnik.ch\/fr\/produit\/street-workout-23\/","title":{"rendered":"Street Workout 23"},"content":{"rendered":"<p>Poteaux en tube dacier 120 x 120 x 5 mm avec couvercle soud\u00e9. Barres tubulaires rondes 48,3 x 4 mm. Fixations par vis inviolables en acier inoxydable M10. Pi\u00e8ces m\u00e9talliques en acier galvanis\u00e9. Poteaux galvanis\u00e9s et thermolaqu\u00e9s (couleur au choix du client). Poteaux \u00e0 visser sur socle en b\u00e9ton avec ancrages M12 galvanis\u00e9s.<\/p>\n","protected":false},"excerpt":{"rendered":"<p>Poteaux en tube dacier 120 x 120 x 5 mm avec couvercle soud\u00e9. Barres tubulaires rondes 48,3 x 4 mm. Fixations par vis inviolables en acier inoxydable M10. Pi\u00e8ces m\u00e9talliques&#8230;<\/p>\n","protected":false},"featured_media":42474,"template":"","meta":[],"product_brand":[],"product_cat":[12020,11825],"product_tag":[],"class_list":{"0":"post-50572","1":"product","2":"type-product","3":"status-publish","4":"has-post-thumbnail","6":"product_cat-modules","7":"product_cat-street-workout-fr","9":"first","10":"instock","11":"shipping-taxable","12":"purchasable","13":"product-type-simple"},"_links":{"self":[{"href":"https:\/\/verticaltechnik.ch\/fr\/wp-json\/wp\/v2\/product\/50572","targetHints":{"allow":["GET"]}}],"collection":[{"href":"https:\/\/verticaltechnik.ch\/fr\/wp-json\/wp\/v2\/product"}],"about":[{"href":"https:\/\/verticaltechnik.ch\/fr\/wp-json\/wp\/v2\/types\/product"}],"wp:featuredmedia":[{"embeddable":true,"href":"https:\/\/verticaltechnik.ch\/fr\/wp-json\/wp\/v2\/media\/42474"}],"wp:attachment":[{"href":"https:\/\/verticaltechnik.ch\/fr\/wp-json\/wp\/v2\/media?parent=50572"}],"wp:term":[{"taxonomy":"product_brand","embeddable":true,"href":"https:\/\/verticaltechnik.ch\/fr\/wp-json\/wp\/v2\/product_brand?post=50572"},{"taxonomy":"product_cat","embeddable":true,"href":"https:\/\/verticaltechnik.ch\/fr\/wp-json\/wp\/v2\/product_cat?post=50572"},{"taxonomy":"product_tag","embeddable":true,"href":"https:\/\/verticaltechnik.ch\/fr\/wp-json\/wp\/v2\/product_tag?post=50572"}],"curies":[{"name":"wp","href":"https:\/\/api.w.org\/{rel}","templated":true}]}}