{"id":50573,"date":"2025-08-28T10:47:26","date_gmt":"2025-08-28T10:47:26","guid":{"rendered":"https:\/\/newvt.verticaltechnik.ch\/product\/support-pour-panneau-dinformation-double-inox\/"},"modified":"2025-08-28T10:47:26","modified_gmt":"2025-08-28T10:47:26","slug":"support-pour-panneau-dinformation-double-inox","status":"publish","type":"product","link":"https:\/\/verticaltechnik.ch\/fr\/produit\/support-pour-panneau-dinformation-double-inox\/","title":{"rendered":"Support pour panneau d&rsquo;information double INOX"},"content":{"rendered":"<p>Ce support en acier chrom\u00e9 offre deux zones pour les panneaux d&rsquo;information. Surface inscriptible de 670 x 425 mm. Dans la partie sup\u00e9rieure, les r\u00e8gles d&rsquo;utilisation et les coordonn\u00e9es sont indiqu\u00e9es conform\u00e9ment \u00e0 la norme. La partie inf\u00e9rieure peut servir \u00e0 pr\u00e9senter des exercices avec des pictogrammes et des QR codes ou \u00e0 pr\u00e9senter des logos de sponsors. Les panneaux d&rsquo;information peuvent \u00eatre remplac\u00e9s \u00e0 tout moment. Le panneau d&rsquo;information K01560 est compatible avec ce support.    <\/p>\n","protected":false},"excerpt":{"rendered":"<p>Ce support en acier chrom\u00e9 offre deux zones pour les panneaux d&rsquo;information. Surface inscriptible de 670 x 425 mm. Dans la partie sup\u00e9rieure, les r\u00e8gles d&rsquo;utilisation et les coordonn\u00e9es sont&#8230;<\/p>\n","protected":false},"featured_media":42466,"template":"","meta":[],"product_brand":[],"product_cat":[11957],"product_tag":[],"class_list":{"0":"post-50573","1":"product","2":"type-product","3":"status-publish","4":"has-post-thumbnail","6":"product_cat-signalisation","8":"first","9":"instock","10":"shipping-taxable","11":"purchasable","12":"product-type-simple"},"_links":{"self":[{"href":"https:\/\/verticaltechnik.ch\/fr\/wp-json\/wp\/v2\/product\/50573","targetHints":{"allow":["GET"]}}],"collection":[{"href":"https:\/\/verticaltechnik.ch\/fr\/wp-json\/wp\/v2\/product"}],"about":[{"href":"https:\/\/verticaltechnik.ch\/fr\/wp-json\/wp\/v2\/types\/product"}],"wp:featuredmedia":[{"embeddable":true,"href":"https:\/\/verticaltechnik.ch\/fr\/wp-json\/wp\/v2\/media\/42466"}],"wp:attachment":[{"href":"https:\/\/verticaltechnik.ch\/fr\/wp-json\/wp\/v2\/media?parent=50573"}],"wp:term":[{"taxonomy":"product_brand","embeddable":true,"href":"https:\/\/verticaltechnik.ch\/fr\/wp-json\/wp\/v2\/product_brand?post=50573"},{"taxonomy":"product_cat","embeddable":true,"href":"https:\/\/verticaltechnik.ch\/fr\/wp-json\/wp\/v2\/product_cat?post=50573"},{"taxonomy":"product_tag","embeddable":true,"href":"https:\/\/verticaltechnik.ch\/fr\/wp-json\/wp\/v2\/product_tag?post=50573"}],"curies":[{"name":"wp","href":"https:\/\/api.w.org\/{rel}","templated":true}]}}