{"id":50590,"date":"2025-08-28T10:46:23","date_gmt":"2025-08-28T10:46:23","guid":{"rendered":"https:\/\/newvt.verticaltechnik.ch\/product\/souder-le-couvercle-aux-extremites-des-tubes\/"},"modified":"2025-08-28T10:46:23","modified_gmt":"2025-08-28T10:46:23","slug":"souder-le-couvercle-aux-extremites-des-tubes","status":"publish","type":"product","link":"https:\/\/verticaltechnik.ch\/fr\/product\/souder-le-couvercle-aux-extremites-des-tubes\/","title":{"rendered":"Souder le couvercle aux extr\u00e9mit\u00e9s des tubes"},"content":{"rendered":"<p>Souder le couvercle aux extr\u00e9mit\u00e9s des tubes <\/p>\n","protected":false},"excerpt":{"rendered":"<p>Souder le couvercle aux extr\u00e9mit\u00e9s des tubes<\/p>\n","protected":false},"featured_media":42502,"template":"","meta":[],"product_brand":[],"product_cat":[12183,11993],"product_tag":[],"class_list":{"0":"post-50590","1":"product","2":"type-product","3":"status-publish","4":"has-post-thumbnail","6":"product_cat-reparations","7":"product_cat-revisions","9":"first","10":"instock","11":"shipping-taxable","12":"purchasable","13":"product-type-simple"},"_links":{"self":[{"href":"https:\/\/verticaltechnik.ch\/fr\/wp-json\/wp\/v2\/product\/50590","targetHints":{"allow":["GET"]}}],"collection":[{"href":"https:\/\/verticaltechnik.ch\/fr\/wp-json\/wp\/v2\/product"}],"about":[{"href":"https:\/\/verticaltechnik.ch\/fr\/wp-json\/wp\/v2\/types\/product"}],"wp:featuredmedia":[{"embeddable":true,"href":"https:\/\/verticaltechnik.ch\/fr\/wp-json\/wp\/v2\/media\/42502"}],"wp:attachment":[{"href":"https:\/\/verticaltechnik.ch\/fr\/wp-json\/wp\/v2\/media?parent=50590"}],"wp:term":[{"taxonomy":"product_brand","embeddable":true,"href":"https:\/\/verticaltechnik.ch\/fr\/wp-json\/wp\/v2\/product_brand?post=50590"},{"taxonomy":"product_cat","embeddable":true,"href":"https:\/\/verticaltechnik.ch\/fr\/wp-json\/wp\/v2\/product_cat?post=50590"},{"taxonomy":"product_tag","embeddable":true,"href":"https:\/\/verticaltechnik.ch\/fr\/wp-json\/wp\/v2\/product_tag?post=50590"}],"curies":[{"name":"wp","href":"https:\/\/api.w.org\/{rel}","templated":true}]}}