{"id":50616,"date":"2025-08-28T10:54:15","date_gmt":"2025-08-28T10:54:15","guid":{"rendered":"https:\/\/newvt.verticaltechnik.ch\/product\/section-de-cloture\/"},"modified":"2025-08-28T10:54:15","modified_gmt":"2025-08-28T10:54:15","slug":"section-de-cloture","status":"publish","type":"product","link":"https:\/\/verticaltechnik.ch\/fr\/produit\/section-de-cloture\/","title":{"rendered":"Section de cl\u00f4ture"},"content":{"rendered":"<p>S\u00e9paration pour un skatepark constitu\u00e9e d&rsquo;une balustrade en tube rond avec remplissage en treillis soud\u00e9, les skateboards \u00e9tant maintenus par la traverse inf\u00e9rieure dans le skatepark.<\/p>\n","protected":false},"excerpt":{"rendered":"<p>S\u00e9paration pour un skatepark constitu\u00e9e d&rsquo;une balustrade en tube rond avec remplissage en treillis soud\u00e9, les skateboards \u00e9tant maintenus par la traverse inf\u00e9rieure dans le skatepark.<\/p>\n","protected":false},"featured_media":42182,"template":"","meta":[],"product_brand":[],"product_cat":[12237],"product_tag":[],"class_list":{"0":"post-50616","1":"product","2":"type-product","3":"status-publish","4":"has-post-thumbnail","6":"product_cat-tole","8":"first","9":"instock","10":"shipping-taxable","11":"purchasable","12":"product-type-simple"},"_links":{"self":[{"href":"https:\/\/verticaltechnik.ch\/fr\/wp-json\/wp\/v2\/product\/50616","targetHints":{"allow":["GET"]}}],"collection":[{"href":"https:\/\/verticaltechnik.ch\/fr\/wp-json\/wp\/v2\/product"}],"about":[{"href":"https:\/\/verticaltechnik.ch\/fr\/wp-json\/wp\/v2\/types\/product"}],"wp:featuredmedia":[{"embeddable":true,"href":"https:\/\/verticaltechnik.ch\/fr\/wp-json\/wp\/v2\/media\/42182"}],"wp:attachment":[{"href":"https:\/\/verticaltechnik.ch\/fr\/wp-json\/wp\/v2\/media?parent=50616"}],"wp:term":[{"taxonomy":"product_brand","embeddable":true,"href":"https:\/\/verticaltechnik.ch\/fr\/wp-json\/wp\/v2\/product_brand?post=50616"},{"taxonomy":"product_cat","embeddable":true,"href":"https:\/\/verticaltechnik.ch\/fr\/wp-json\/wp\/v2\/product_cat?post=50616"},{"taxonomy":"product_tag","embeddable":true,"href":"https:\/\/verticaltechnik.ch\/fr\/wp-json\/wp\/v2\/product_tag?post=50616"}],"curies":[{"name":"wp","href":"https:\/\/api.w.org\/{rel}","templated":true}]}}