{"id":50650,"date":"2025-08-28T11:02:06","date_gmt":"2025-08-28T11:02:06","guid":{"rendered":"https:\/\/newvt.verticaltechnik.ch\/product\/speedring-long-premium\/"},"modified":"2025-08-28T11:02:06","modified_gmt":"2025-08-28T11:02:06","slug":"speedring-long-premium","status":"publish","type":"product","link":"https:\/\/verticaltechnik.ch\/fr\/produit\/speedring-long-premium\/","title":{"rendered":"SPEEDRING LONG PREMIUM"},"content":{"rendered":"<p>Le Speedring Loooooong promet un Floooow extra longue dur\u00e9e, sans bois.<\/p>\n<p>Enti\u00e8rement sans bois ! Que ce soit \u00e0 proximit\u00e9 de la mer, en eau sal\u00e9e, en cas de risque d&rsquo;inondation, de neige ou de glace, l&rsquo;\u00e9dition PREMIUM r\u00e9siste \u00e0 toutes les conditions m\u00e9t\u00e9orologiques et peut m\u00eame \u00eatre int\u00e9gr\u00e9e au paysage. <\/p>\n","protected":false},"excerpt":{"rendered":"<p>Le Speedring Loooooong promet un Floooow extra longue dur\u00e9e, sans bois. Enti\u00e8rement sans bois ! Que ce soit \u00e0 proximit\u00e9 de la mer, en eau sal\u00e9e, en cas de risque&#8230;<\/p>\n","protected":false},"featured_media":47644,"template":"","meta":[],"product_brand":[],"product_cat":[12041],"product_tag":[],"class_list":{"0":"post-50650","1":"product","2":"type-product","3":"status-publish","4":"has-post-thumbnail","6":"product_cat-edition-premium","8":"first","9":"instock","10":"shipping-taxable","11":"purchasable","12":"product-type-simple"},"_links":{"self":[{"href":"https:\/\/verticaltechnik.ch\/fr\/wp-json\/wp\/v2\/product\/50650","targetHints":{"allow":["GET"]}}],"collection":[{"href":"https:\/\/verticaltechnik.ch\/fr\/wp-json\/wp\/v2\/product"}],"about":[{"href":"https:\/\/verticaltechnik.ch\/fr\/wp-json\/wp\/v2\/types\/product"}],"wp:featuredmedia":[{"embeddable":true,"href":"https:\/\/verticaltechnik.ch\/fr\/wp-json\/wp\/v2\/media\/47644"}],"wp:attachment":[{"href":"https:\/\/verticaltechnik.ch\/fr\/wp-json\/wp\/v2\/media?parent=50650"}],"wp:term":[{"taxonomy":"product_brand","embeddable":true,"href":"https:\/\/verticaltechnik.ch\/fr\/wp-json\/wp\/v2\/product_brand?post=50650"},{"taxonomy":"product_cat","embeddable":true,"href":"https:\/\/verticaltechnik.ch\/fr\/wp-json\/wp\/v2\/product_cat?post=50650"},{"taxonomy":"product_tag","embeddable":true,"href":"https:\/\/verticaltechnik.ch\/fr\/wp-json\/wp\/v2\/product_tag?post=50650"}],"curies":[{"name":"wp","href":"https:\/\/api.w.org\/{rel}","templated":true}]}}