{"id":50659,"date":"2025-08-28T11:01:50","date_gmt":"2025-08-28T11:01:50","guid":{"rendered":"https:\/\/newvt.verticaltechnik.ch\/product\/switchback-classique\/"},"modified":"2025-08-28T11:01:50","modified_gmt":"2025-08-28T11:01:50","slug":"switchback-classique","status":"publish","type":"product","link":"https:\/\/verticaltechnik.ch\/fr\/product\/switchback-classique\/","title":{"rendered":"SWITCHBACK CLASSIQUE"},"content":{"rendered":"<p>Le Switchback impressionne par sa longueur de plus de 100 m\u00e8tres et sa modularit\u00e9.<\/p>\n<p>La CLASSIC EDITION en contreplaqu\u00e9 de construction navale avec surface de roulement en fibre de verre est mobile, l\u00e9g\u00e8re et flexible et convient \u00e0 toutes les surfaces et \u00e0 tous les \u00e9v\u00e9nements. Le montage, le d\u00e9montage et la transformation rapides ainsi que les extensions rendent cette variante particuli\u00e8rement attrayante et individuelle ! <\/p>\n","protected":false},"excerpt":{"rendered":"<p>Le Switchback impressionne par sa longueur de plus de 100 m\u00e8tres et sa modularit\u00e9. La CLASSIC EDITION en contreplaqu\u00e9 de construction navale avec surface de roulement en fibre de verre&#8230;<\/p>\n","protected":false},"featured_media":47680,"template":"","meta":[],"product_brand":[],"product_cat":[12267],"product_tag":[],"class_list":{"0":"post-50659","1":"product","2":"type-product","3":"status-publish","4":"has-post-thumbnail","6":"product_cat-edition-classic","8":"first","9":"instock","10":"shipping-taxable","11":"purchasable","12":"product-type-simple"},"_links":{"self":[{"href":"https:\/\/verticaltechnik.ch\/fr\/wp-json\/wp\/v2\/product\/50659","targetHints":{"allow":["GET"]}}],"collection":[{"href":"https:\/\/verticaltechnik.ch\/fr\/wp-json\/wp\/v2\/product"}],"about":[{"href":"https:\/\/verticaltechnik.ch\/fr\/wp-json\/wp\/v2\/types\/product"}],"wp:featuredmedia":[{"embeddable":true,"href":"https:\/\/verticaltechnik.ch\/fr\/wp-json\/wp\/v2\/media\/47680"}],"wp:attachment":[{"href":"https:\/\/verticaltechnik.ch\/fr\/wp-json\/wp\/v2\/media?parent=50659"}],"wp:term":[{"taxonomy":"product_brand","embeddable":true,"href":"https:\/\/verticaltechnik.ch\/fr\/wp-json\/wp\/v2\/product_brand?post=50659"},{"taxonomy":"product_cat","embeddable":true,"href":"https:\/\/verticaltechnik.ch\/fr\/wp-json\/wp\/v2\/product_cat?post=50659"},{"taxonomy":"product_tag","embeddable":true,"href":"https:\/\/verticaltechnik.ch\/fr\/wp-json\/wp\/v2\/product_tag?post=50659"}],"curies":[{"name":"wp","href":"https:\/\/api.w.org\/{rel}","templated":true}]}}