{"id":50690,"date":"2025-08-28T11:00:01","date_gmt":"2025-08-28T11:00:01","guid":{"rendered":"https:\/\/newvt.verticaltechnik.ch\/product\/classic-pro-plus\/"},"modified":"2025-08-28T11:00:01","modified_gmt":"2025-08-28T11:00:01","slug":"classic-pro-plus","status":"publish","type":"product","link":"https:\/\/verticaltechnik.ch\/fr\/product\/classic-pro-plus\/","title":{"rendered":"CLASSIC PRO PLUS"},"content":{"rendered":"<p>Le mod\u00e8le Pro Plus comprend \u00e0 la fois des vagues, un virage \u00e0 droite et un virage \u00e0 gauche.<\/p>\n<p>La CLASSIC EDITION en contreplaqu\u00e9 de construction navale avec surface de roulement en fibre de verre est mobile, l\u00e9g\u00e8re et flexible et convient \u00e0 toutes les surfaces et \u00e0 tous les \u00e9v\u00e9nements. Le montage, le d\u00e9montage et la transformation rapides ainsi que les extensions rendent cette variante particuli\u00e8rement attrayante et individuelle ! <\/p>\n","protected":false},"excerpt":{"rendered":"<p>Le mod\u00e8le Pro Plus comprend \u00e0 la fois des vagues, un virage \u00e0 droite et un virage \u00e0 gauche. La CLASSIC EDITION en contreplaqu\u00e9 de construction navale avec surface de&#8230;<\/p>\n","protected":false},"featured_media":47736,"template":"","meta":[],"product_brand":[],"product_cat":[12267],"product_tag":[],"class_list":{"0":"post-50690","1":"product","2":"type-product","3":"status-publish","4":"has-post-thumbnail","6":"product_cat-edition-classic","8":"first","9":"instock","10":"shipping-taxable","11":"purchasable","12":"product-type-simple"},"_links":{"self":[{"href":"https:\/\/verticaltechnik.ch\/fr\/wp-json\/wp\/v2\/product\/50690","targetHints":{"allow":["GET"]}}],"collection":[{"href":"https:\/\/verticaltechnik.ch\/fr\/wp-json\/wp\/v2\/product"}],"about":[{"href":"https:\/\/verticaltechnik.ch\/fr\/wp-json\/wp\/v2\/types\/product"}],"wp:featuredmedia":[{"embeddable":true,"href":"https:\/\/verticaltechnik.ch\/fr\/wp-json\/wp\/v2\/media\/47736"}],"wp:attachment":[{"href":"https:\/\/verticaltechnik.ch\/fr\/wp-json\/wp\/v2\/media?parent=50690"}],"wp:term":[{"taxonomy":"product_brand","embeddable":true,"href":"https:\/\/verticaltechnik.ch\/fr\/wp-json\/wp\/v2\/product_brand?post=50690"},{"taxonomy":"product_cat","embeddable":true,"href":"https:\/\/verticaltechnik.ch\/fr\/wp-json\/wp\/v2\/product_cat?post=50690"},{"taxonomy":"product_tag","embeddable":true,"href":"https:\/\/verticaltechnik.ch\/fr\/wp-json\/wp\/v2\/product_tag?post=50690"}],"curies":[{"name":"wp","href":"https:\/\/api.w.org\/{rel}","templated":true}]}}