{"id":50694,"date":"2025-08-28T10:59:57","date_gmt":"2025-08-28T10:59:57","guid":{"rendered":"https:\/\/newvt.verticaltechnik.ch\/product\/classic-beginner-short\/"},"modified":"2025-08-28T10:59:57","modified_gmt":"2025-08-28T10:59:57","slug":"classic-beginner-short","status":"publish","type":"product","link":"https:\/\/verticaltechnik.ch\/fr\/produit\/classic-beginner-short\/","title":{"rendered":"CLASSIC BEGINNER SHORT"},"content":{"rendered":"<p>Cette courte ligne d&rsquo;entra\u00eenement est id\u00e9ale pour les petites surfaces et pour s&rsquo;initier au Pumptrack.<\/p>\n<p>La CLASSIC EDITION en contreplaqu\u00e9 de construction navale avec surface de roulement en fibre de verre est mobile, l\u00e9g\u00e8re et flexible et convient \u00e0 toutes les surfaces et \u00e0 tous les \u00e9v\u00e9nements. Le montage, le d\u00e9montage et la transformation rapides ainsi que les extensions rendent cette variante particuli\u00e8rement attrayante et individuelle ! <\/p>\n","protected":false},"excerpt":{"rendered":"<p>Cette courte ligne d&rsquo;entra\u00eenement est id\u00e9ale pour les petites surfaces et pour s&rsquo;initier au Pumptrack. La CLASSIC EDITION en contreplaqu\u00e9 de construction navale avec surface de roulement en fibre de&#8230;<\/p>\n","protected":false},"featured_media":47748,"template":"","meta":[],"product_brand":[],"product_cat":[12267],"product_tag":[],"class_list":{"0":"post-50694","1":"product","2":"type-product","3":"status-publish","4":"has-post-thumbnail","6":"product_cat-edition-classic","8":"first","9":"instock","10":"shipping-taxable","11":"purchasable","12":"product-type-simple"},"_links":{"self":[{"href":"https:\/\/verticaltechnik.ch\/fr\/wp-json\/wp\/v2\/product\/50694","targetHints":{"allow":["GET"]}}],"collection":[{"href":"https:\/\/verticaltechnik.ch\/fr\/wp-json\/wp\/v2\/product"}],"about":[{"href":"https:\/\/verticaltechnik.ch\/fr\/wp-json\/wp\/v2\/types\/product"}],"wp:featuredmedia":[{"embeddable":true,"href":"https:\/\/verticaltechnik.ch\/fr\/wp-json\/wp\/v2\/media\/47748"}],"wp:attachment":[{"href":"https:\/\/verticaltechnik.ch\/fr\/wp-json\/wp\/v2\/media?parent=50694"}],"wp:term":[{"taxonomy":"product_brand","embeddable":true,"href":"https:\/\/verticaltechnik.ch\/fr\/wp-json\/wp\/v2\/product_brand?post=50694"},{"taxonomy":"product_cat","embeddable":true,"href":"https:\/\/verticaltechnik.ch\/fr\/wp-json\/wp\/v2\/product_cat?post=50694"},{"taxonomy":"product_tag","embeddable":true,"href":"https:\/\/verticaltechnik.ch\/fr\/wp-json\/wp\/v2\/product_tag?post=50694"}],"curies":[{"name":"wp","href":"https:\/\/api.w.org\/{rel}","templated":true}]}}