{"id":50744,"date":"2025-08-28T10:57:33","date_gmt":"2025-08-28T10:57:33","guid":{"rendered":"https:\/\/newvt.verticaltechnik.ch\/product\/playfit-entraineur-pour-fauteuil-roulant\/"},"modified":"2026-03-17T10:03:18","modified_gmt":"2026-03-17T10:03:18","slug":"playfit-entraineur-pour-fauteuil-roulant","status":"publish","type":"product","link":"https:\/\/verticaltechnik.ch\/fr\/produit\/playfit-entraineur-pour-fauteuil-roulant\/","title":{"rendered":"playfit\u00ae Entra\u00eeneur pour fauteuil roulant"},"content":{"rendered":"<p>Renforce les muscles du dos, des \u00e9paules, des bras et de la poitrine. Favorise la mobilit\u00e9 et la coordination. <\/p>\n<p>Espace de mouvement : 4.400 mm x 3.664 mm x 2.200 mm<\/p>\n","protected":false},"excerpt":{"rendered":"<p>Renforce les muscles du dos, des \u00e9paules, des bras et de la poitrine. Favorise la mobilit\u00e9 et la coordination. Espace de mouvement : 4.400 mm x 3.664 mm x 2.200&#8230;<\/p>\n","protected":false},"featured_media":47783,"template":"","meta":[],"product_brand":[],"product_cat":[12394,12261],"product_tag":[],"class_list":{"0":"post-50744","1":"product","2":"type-product","3":"status-publish","4":"has-post-thumbnail","6":"product_cat-equipements-playfit","7":"product_cat-playfit","9":"first","10":"instock","11":"shipping-taxable","12":"purchasable","13":"product-type-simple"},"_links":{"self":[{"href":"https:\/\/verticaltechnik.ch\/fr\/wp-json\/wp\/v2\/product\/50744","targetHints":{"allow":["GET"]}}],"collection":[{"href":"https:\/\/verticaltechnik.ch\/fr\/wp-json\/wp\/v2\/product"}],"about":[{"href":"https:\/\/verticaltechnik.ch\/fr\/wp-json\/wp\/v2\/types\/product"}],"wp:featuredmedia":[{"embeddable":true,"href":"https:\/\/verticaltechnik.ch\/fr\/wp-json\/wp\/v2\/media\/47783"}],"wp:attachment":[{"href":"https:\/\/verticaltechnik.ch\/fr\/wp-json\/wp\/v2\/media?parent=50744"}],"wp:term":[{"taxonomy":"product_brand","embeddable":true,"href":"https:\/\/verticaltechnik.ch\/fr\/wp-json\/wp\/v2\/product_brand?post=50744"},{"taxonomy":"product_cat","embeddable":true,"href":"https:\/\/verticaltechnik.ch\/fr\/wp-json\/wp\/v2\/product_cat?post=50744"},{"taxonomy":"product_tag","embeddable":true,"href":"https:\/\/verticaltechnik.ch\/fr\/wp-json\/wp\/v2\/product_tag?post=50744"}],"curies":[{"name":"wp","href":"https:\/\/api.w.org\/{rel}","templated":true}]}}