{"id":50750,"date":"2025-08-28T10:56:38","date_gmt":"2025-08-28T10:56:38","guid":{"rendered":"https:\/\/newvt.verticaltechnik.ch\/product\/playfit-presse-a-jambes\/"},"modified":"2026-03-17T10:01:36","modified_gmt":"2026-03-17T10:01:36","slug":"playfit-presse-a-jambes","status":"publish","type":"product","link":"https:\/\/verticaltechnik.ch\/fr\/produit\/playfit-presse-a-jambes\/","title":{"rendered":"playfit\u00ae Presse \u00e0 jambes"},"content":{"rendered":"<p>Entra\u00eene les muscles des jambes, des fesses et des abdominaux. Les muscles du tronc inf\u00e9rieur sont \u00e9galement activ\u00e9s et renforc\u00e9s, ce qui am\u00e9liore la stabilit\u00e9 de l&rsquo;ensemble du corps. Favorise la force et l&rsquo;endurance.  <\/p>\n<p>Nos appareils de fitness se distinguent par leur acier inoxydable poli mat, agr\u00e9able au toucher et hygi\u00e9nique. Ils offrent un dimensionnement au style s\u00fbr et sont prot\u00e9g\u00e9s contre les dommages et le vandalisme gr\u00e2ce \u00e0 leur construction robuste. Leur r\u00e9sistance \u00e0 la corrosion et leur long\u00e9vit\u00e9 garantissent une facilit\u00e9 d&rsquo;entretien \u00e9conomique. La r\u00e9sistance au vieillissement et le faible entretien sont essentiels, c&rsquo;est pourquoi l&rsquo;acier inoxydable est le choix optimal.   <\/p>\n<p>Espace de mouvement : 4.568 mm x 3.665 mm x 2.246 mm<\/p>\n","protected":false},"excerpt":{"rendered":"<p>Entra\u00eene les muscles des jambes, des fesses et des abdominaux. Les muscles du tronc inf\u00e9rieur sont \u00e9galement activ\u00e9s et renforc\u00e9s, ce qui am\u00e9liore la stabilit\u00e9 de l&rsquo;ensemble du corps. Favorise&#8230;<\/p>\n","protected":false},"featured_media":47799,"template":"","meta":[],"product_brand":[],"product_cat":[12394,12261],"product_tag":[],"class_list":{"0":"post-50750","1":"product","2":"type-product","3":"status-publish","4":"has-post-thumbnail","6":"product_cat-equipements-playfit","7":"product_cat-playfit","9":"first","10":"instock","11":"shipping-taxable","12":"purchasable","13":"product-type-simple"},"_links":{"self":[{"href":"https:\/\/verticaltechnik.ch\/fr\/wp-json\/wp\/v2\/product\/50750","targetHints":{"allow":["GET"]}}],"collection":[{"href":"https:\/\/verticaltechnik.ch\/fr\/wp-json\/wp\/v2\/product"}],"about":[{"href":"https:\/\/verticaltechnik.ch\/fr\/wp-json\/wp\/v2\/types\/product"}],"wp:featuredmedia":[{"embeddable":true,"href":"https:\/\/verticaltechnik.ch\/fr\/wp-json\/wp\/v2\/media\/47799"}],"wp:attachment":[{"href":"https:\/\/verticaltechnik.ch\/fr\/wp-json\/wp\/v2\/media?parent=50750"}],"wp:term":[{"taxonomy":"product_brand","embeddable":true,"href":"https:\/\/verticaltechnik.ch\/fr\/wp-json\/wp\/v2\/product_brand?post=50750"},{"taxonomy":"product_cat","embeddable":true,"href":"https:\/\/verticaltechnik.ch\/fr\/wp-json\/wp\/v2\/product_cat?post=50750"},{"taxonomy":"product_tag","embeddable":true,"href":"https:\/\/verticaltechnik.ch\/fr\/wp-json\/wp\/v2\/product_tag?post=50750"}],"curies":[{"name":"wp","href":"https:\/\/api.w.org\/{rel}","templated":true}]}}