{"id":50807,"date":"2025-08-28T10:54:18","date_gmt":"2025-08-28T10:54:18","guid":{"rendered":"https:\/\/newvt.verticaltechnik.ch\/product\/barre-fixe-double-playfit\/"},"modified":"2026-03-17T10:04:47","modified_gmt":"2026-03-17T10:04:47","slug":"barre-fixe-double-playfit","status":"publish","type":"product","link":"https:\/\/verticaltechnik.ch\/fr\/produit\/barre-fixe-double-playfit\/","title":{"rendered":"Barre fixe double playfit\u00ae"},"content":{"rendered":"<p>Les barres fixes d&rsquo;ext\u00e9rieur sont parmi les appareils de fitness classiques que l&rsquo;on ne peut imaginer manquer dans un terrain de sport, un parc de fitness, une cour d&rsquo;\u00e9cole ou m\u00eame une aire de jeux pour enfants. Les barres de traction \u00e0 deux hauteurs de prise offrent, gr\u00e2ce \u00e0 de nombreuses possibilit\u00e9s d&rsquo;exercices, un appareil d&rsquo;entra\u00eenement adapt\u00e9 \u00e0 chaque groupe d&rsquo;utilisateurs. <\/p>\n<p>Nos appareils de fitness se distinguent par leur acier inoxydable poli mat, agr\u00e9able au toucher et hygi\u00e9nique. Ils offrent un dimensionnement au style s\u00fbr et sont prot\u00e9g\u00e9s contre les dommages et le vandalisme gr\u00e2ce \u00e0 leur construction robuste. Leur r\u00e9sistance \u00e0 la corrosion et leur long\u00e9vit\u00e9 garantissent une facilit\u00e9 d&rsquo;entretien \u00e9conomique. La r\u00e9sistance au vieillissement et le faible entretien sont essentiels, c&rsquo;est pourquoi l&rsquo;acier inoxydable est le choix optimal.   <\/p>\n<p>Espace de mouvement : 6.500 mm x 4.100 mm x 2.500 mm<\/p>\n","protected":false},"excerpt":{"rendered":"<p>Les barres fixes d&rsquo;ext\u00e9rieur sont parmi les appareils de fitness classiques que l&rsquo;on ne peut imaginer manquer dans un terrain de sport, un parc de fitness, une cour d&rsquo;\u00e9cole ou&#8230;<\/p>\n","protected":false},"featured_media":47919,"template":"","meta":[],"product_brand":[],"product_cat":[12394,12261],"product_tag":[],"class_list":{"0":"post-50807","1":"product","2":"type-product","3":"status-publish","4":"has-post-thumbnail","6":"product_cat-equipements-playfit","7":"product_cat-playfit","9":"first","10":"instock","11":"shipping-taxable","12":"purchasable","13":"product-type-simple"},"_links":{"self":[{"href":"https:\/\/verticaltechnik.ch\/fr\/wp-json\/wp\/v2\/product\/50807","targetHints":{"allow":["GET"]}}],"collection":[{"href":"https:\/\/verticaltechnik.ch\/fr\/wp-json\/wp\/v2\/product"}],"about":[{"href":"https:\/\/verticaltechnik.ch\/fr\/wp-json\/wp\/v2\/types\/product"}],"wp:featuredmedia":[{"embeddable":true,"href":"https:\/\/verticaltechnik.ch\/fr\/wp-json\/wp\/v2\/media\/47919"}],"wp:attachment":[{"href":"https:\/\/verticaltechnik.ch\/fr\/wp-json\/wp\/v2\/media?parent=50807"}],"wp:term":[{"taxonomy":"product_brand","embeddable":true,"href":"https:\/\/verticaltechnik.ch\/fr\/wp-json\/wp\/v2\/product_brand?post=50807"},{"taxonomy":"product_cat","embeddable":true,"href":"https:\/\/verticaltechnik.ch\/fr\/wp-json\/wp\/v2\/product_cat?post=50807"},{"taxonomy":"product_tag","embeddable":true,"href":"https:\/\/verticaltechnik.ch\/fr\/wp-json\/wp\/v2\/product_tag?post=50807"}],"curies":[{"name":"wp","href":"https:\/\/api.w.org\/{rel}","templated":true}]}}