{"id":50813,"date":"2025-08-28T10:54:20","date_gmt":"2025-08-28T10:54:20","guid":{"rendered":"https:\/\/newvt.verticaltechnik.ch\/product\/barre-fixe-quadruple-playfit\/"},"modified":"2026-03-17T10:04:49","modified_gmt":"2026-03-17T10:04:49","slug":"barre-fixe-quadruple-playfit","status":"publish","type":"product","link":"https:\/\/verticaltechnik.ch\/fr\/produit\/barre-fixe-quadruple-playfit\/","title":{"rendered":"playfit\u00ae Barre fixe quadruple"},"content":{"rendered":"<p>Entra\u00eene les \u00e9paules, les muscles fl\u00e9chisseurs et extenseurs du bras, ainsi que les muscles du dos. Renforce la tension corporelle, la force de soutien et de maintien. \u00c9tirement des muscles de la poitrine, du dos et des jambes.  <\/p>\n<p>Nos appareils de fitness se distinguent par leur acier inoxydable poli mat, agr\u00e9able au toucher et hygi\u00e9nique. Ils offrent un dimensionnement au style s\u00fbr et sont prot\u00e9g\u00e9s contre les dommages et le vandalisme gr\u00e2ce \u00e0 leur construction robuste. Leur r\u00e9sistance \u00e0 la corrosion et leur long\u00e9vit\u00e9 garantissent une facilit\u00e9 d&rsquo;entretien \u00e9conomique. La r\u00e9sistance au vieillissement et le faible entretien sont essentiels, c&rsquo;est pourquoi l&rsquo;acier inoxydable est le choix optimal.   <\/p>\n<p>Espace de mouvement : 9 200 mm x 4 100 mm x 2 500 mm<\/p>\n","protected":false},"excerpt":{"rendered":"<p>Entra\u00eene les \u00e9paules, les muscles fl\u00e9chisseurs et extenseurs du bras, ainsi que les muscles du dos. Renforce la tension corporelle, la force de soutien et de maintien. \u00c9tirement des muscles&#8230;<\/p>\n","protected":false},"featured_media":47911,"template":"","meta":[],"product_brand":[],"product_cat":[12394,12261],"product_tag":[],"class_list":{"0":"post-50813","1":"product","2":"type-product","3":"status-publish","4":"has-post-thumbnail","6":"product_cat-equipements-playfit","7":"product_cat-playfit","9":"first","10":"instock","11":"shipping-taxable","12":"purchasable","13":"product-type-simple"},"_links":{"self":[{"href":"https:\/\/verticaltechnik.ch\/fr\/wp-json\/wp\/v2\/product\/50813","targetHints":{"allow":["GET"]}}],"collection":[{"href":"https:\/\/verticaltechnik.ch\/fr\/wp-json\/wp\/v2\/product"}],"about":[{"href":"https:\/\/verticaltechnik.ch\/fr\/wp-json\/wp\/v2\/types\/product"}],"wp:featuredmedia":[{"embeddable":true,"href":"https:\/\/verticaltechnik.ch\/fr\/wp-json\/wp\/v2\/media\/47911"}],"wp:attachment":[{"href":"https:\/\/verticaltechnik.ch\/fr\/wp-json\/wp\/v2\/media?parent=50813"}],"wp:term":[{"taxonomy":"product_brand","embeddable":true,"href":"https:\/\/verticaltechnik.ch\/fr\/wp-json\/wp\/v2\/product_brand?post=50813"},{"taxonomy":"product_cat","embeddable":true,"href":"https:\/\/verticaltechnik.ch\/fr\/wp-json\/wp\/v2\/product_cat?post=50813"},{"taxonomy":"product_tag","embeddable":true,"href":"https:\/\/verticaltechnik.ch\/fr\/wp-json\/wp\/v2\/product_tag?post=50813"}],"curies":[{"name":"wp","href":"https:\/\/api.w.org\/{rel}","templated":true}]}}