{"id":50819,"date":"2025-08-28T10:54:21","date_gmt":"2025-08-28T10:54:21","guid":{"rendered":"https:\/\/newvt.verticaltechnik.ch\/product\/playfit-powerbank\/"},"modified":"2026-03-17T10:04:57","modified_gmt":"2026-03-17T10:04:57","slug":"playfit-powerbank","status":"publish","type":"product","link":"https:\/\/verticaltechnik.ch\/fr\/produit\/playfit-powerbank\/","title":{"rendered":"playfit\u00ae Powerbank"},"content":{"rendered":"<p>Banc multifonction pour s&rsquo;asseoir, pour les exercices de renforcement musculaire avec le poids du corps et pour s&rsquo;\u00e9tirer. Ce banc avec \u00e9l\u00e9ments d&rsquo;entra\u00eenement int\u00e9gr\u00e9s offre une s\u00e9rie de possibilit\u00e9s d&rsquo;entra\u00eenement de diff\u00e9rents niveaux de difficult\u00e9, comme par exemple : pompes, dips, lev\u00e9es de jambes, exercices d&rsquo;\u00e9tirement pour tout le corps. <\/p>\n<p>Nos appareils de fitness se distinguent par leur acier inoxydable poli mat, agr\u00e9able au toucher et hygi\u00e9nique. Ils offrent un dimensionnement au style s\u00fbr et sont prot\u00e9g\u00e9s contre les dommages et le vandalisme gr\u00e2ce \u00e0 leur construction robuste. Leur r\u00e9sistance \u00e0 la corrosion et leur long\u00e9vit\u00e9 garantissent une facilit\u00e9 d&rsquo;entretien \u00e9conomique. La r\u00e9sistance au vieillissement et le faible entretien sont essentiels, c&rsquo;est pourquoi l&rsquo;acier inoxydable est le choix optimal.   <\/p>\n<p>Espace de mouvement : 5 216 mm x 3 641 mm x 2 650 mm<\/p>\n","protected":false},"excerpt":{"rendered":"<p>Banc multifonction pour s&rsquo;asseoir, pour les exercices de renforcement musculaire avec le poids du corps et pour s&rsquo;\u00e9tirer. Ce banc avec \u00e9l\u00e9ments d&rsquo;entra\u00eenement int\u00e9gr\u00e9s offre une s\u00e9rie de possibilit\u00e9s d&rsquo;entra\u00eenement&#8230;<\/p>\n","protected":false},"featured_media":47907,"template":"","meta":[],"product_brand":[],"product_cat":[12394,12261],"product_tag":[],"class_list":{"0":"post-50819","1":"product","2":"type-product","3":"status-publish","4":"has-post-thumbnail","6":"product_cat-equipements-playfit","7":"product_cat-playfit","9":"first","10":"instock","11":"shipping-taxable","12":"purchasable","13":"product-type-simple"},"_links":{"self":[{"href":"https:\/\/verticaltechnik.ch\/fr\/wp-json\/wp\/v2\/product\/50819","targetHints":{"allow":["GET"]}}],"collection":[{"href":"https:\/\/verticaltechnik.ch\/fr\/wp-json\/wp\/v2\/product"}],"about":[{"href":"https:\/\/verticaltechnik.ch\/fr\/wp-json\/wp\/v2\/types\/product"}],"wp:featuredmedia":[{"embeddable":true,"href":"https:\/\/verticaltechnik.ch\/fr\/wp-json\/wp\/v2\/media\/47907"}],"wp:attachment":[{"href":"https:\/\/verticaltechnik.ch\/fr\/wp-json\/wp\/v2\/media?parent=50819"}],"wp:term":[{"taxonomy":"product_brand","embeddable":true,"href":"https:\/\/verticaltechnik.ch\/fr\/wp-json\/wp\/v2\/product_brand?post=50819"},{"taxonomy":"product_cat","embeddable":true,"href":"https:\/\/verticaltechnik.ch\/fr\/wp-json\/wp\/v2\/product_cat?post=50819"},{"taxonomy":"product_tag","embeddable":true,"href":"https:\/\/verticaltechnik.ch\/fr\/wp-json\/wp\/v2\/product_tag?post=50819"}],"curies":[{"name":"wp","href":"https:\/\/api.w.org\/{rel}","templated":true}]}}