{"id":50830,"date":"2025-08-28T10:55:19","date_gmt":"2025-08-28T10:55:19","guid":{"rendered":"https:\/\/newvt.verticaltechnik.ch\/product\/playfit-entraineur-de-poirier-pompes\/"},"modified":"2026-03-17T10:04:38","modified_gmt":"2026-03-17T10:04:38","slug":"playfit-entraineur-de-poirier-pompes","status":"publish","type":"product","link":"https:\/\/verticaltechnik.ch\/fr\/produit\/playfit-entraineur-de-poirier-pompes\/","title":{"rendered":"playfit Station de pompes en ATR"},"content":{"rendered":"<p>Renforcement des muscles des bras, des \u00e9paules, de la poitrine, de l&rsquo;abdomen, du dos, des jambes et des fessiers. Favorise la force, la mobilit\u00e9, la coordination et l&rsquo;\u00e9quilibre.<br \/>\nNos \u00e9quipements de fitness se distinguent par leur acier inoxydable mat bross\u00e9, agr\u00e9able au toucher et hygi\u00e9nique. Ils offrent un dimensionnement \u00e9l\u00e9gant et sont prot\u00e9g\u00e9s contre les dommages et le vandalisme gr\u00e2ce \u00e0 leur construction robuste. Leur r\u00e9sistance \u00e0 la corrosion et leur durabilit\u00e9 garantissent une facilit\u00e9 d&rsquo;entretien \u00e9conomique. La r\u00e9sistance au vieillissement et le faible entretien sont essentiels, c&rsquo;est pourquoi l&rsquo;acier inoxydable est le choix optimal.    <\/p>\n<p>Espace de mouvement : 3 740 mm x 3 540 mm x 2 345 mm<\/p>\n","protected":false},"excerpt":{"rendered":"<p>Renforcement des muscles des bras, des \u00e9paules, de la poitrine, de l&rsquo;abdomen, du dos, des jambes et des fessiers. Favorise la force, la mobilit\u00e9, la coordination et l&rsquo;\u00e9quilibre. Nos \u00e9quipements&#8230;<\/p>\n","protected":false},"featured_media":47887,"template":"","meta":[],"product_brand":[],"product_cat":[12394,12261],"product_tag":[],"class_list":{"0":"post-50830","1":"product","2":"type-product","3":"status-publish","4":"has-post-thumbnail","6":"product_cat-equipements-playfit","7":"product_cat-playfit","9":"first","10":"instock","11":"shipping-taxable","12":"purchasable","13":"product-type-simple"},"_links":{"self":[{"href":"https:\/\/verticaltechnik.ch\/fr\/wp-json\/wp\/v2\/product\/50830","targetHints":{"allow":["GET"]}}],"collection":[{"href":"https:\/\/verticaltechnik.ch\/fr\/wp-json\/wp\/v2\/product"}],"about":[{"href":"https:\/\/verticaltechnik.ch\/fr\/wp-json\/wp\/v2\/types\/product"}],"wp:featuredmedia":[{"embeddable":true,"href":"https:\/\/verticaltechnik.ch\/fr\/wp-json\/wp\/v2\/media\/47887"}],"wp:attachment":[{"href":"https:\/\/verticaltechnik.ch\/fr\/wp-json\/wp\/v2\/media?parent=50830"}],"wp:term":[{"taxonomy":"product_brand","embeddable":true,"href":"https:\/\/verticaltechnik.ch\/fr\/wp-json\/wp\/v2\/product_brand?post=50830"},{"taxonomy":"product_cat","embeddable":true,"href":"https:\/\/verticaltechnik.ch\/fr\/wp-json\/wp\/v2\/product_cat?post=50830"},{"taxonomy":"product_tag","embeddable":true,"href":"https:\/\/verticaltechnik.ch\/fr\/wp-json\/wp\/v2\/product_tag?post=50830"}],"curies":[{"name":"wp","href":"https:\/\/api.w.org\/{rel}","templated":true}]}}