{"id":50842,"date":"2025-08-28T10:55:24","date_gmt":"2025-08-28T10:55:24","guid":{"rendered":"https:\/\/newvt.verticaltechnik.ch\/product\/playfit-appareil-de-traction-et-de-pompes-pour-les-bras\/"},"modified":"2026-03-17T10:03:47","modified_gmt":"2026-03-17T10:03:47","slug":"playfit-appareil-de-traction-et-de-pompes-pour-les-bras","status":"publish","type":"product","link":"https:\/\/verticaltechnik.ch\/fr\/product\/playfit-appareil-de-traction-et-de-pompes-pour-les-bras\/","title":{"rendered":"playfit Appareil de traction et de pompes"},"content":{"rendered":"<p>Entra\u00eene les \u00e9paules, les muscles fl\u00e9chisseurs et extenseurs des bras, ainsi que les muscles du haut et des c\u00f4t\u00e9s du dos et de la poitrine. Favorise la force et la mobilit\u00e9. <\/p>\n<p>Nos appareils de fitness se distinguent par leur acier inoxydable poli mat, agr\u00e9able au toucher et hygi\u00e9nique. Ils offrent un dimensionnement au style s\u00fbr et sont prot\u00e9g\u00e9s contre les dommages et le vandalisme gr\u00e2ce \u00e0 leur construction robuste. Leur r\u00e9sistance \u00e0 la corrosion et leur long\u00e9vit\u00e9 garantissent une facilit\u00e9 d&rsquo;entretien \u00e9conomique. La r\u00e9sistance au vieillissement et le faible entretien sont essentiels, c&rsquo;est pourquoi l&rsquo;acier inoxydable est le choix optimal.   <\/p>\n<p>Espace de mouvement : 6\u202f730 mm x 4\u202f328 mm x 2\u202f200 mm<\/p>\n","protected":false},"excerpt":{"rendered":"<p>Entra\u00eene les \u00e9paules, les muscles fl\u00e9chisseurs et extenseurs des bras, ainsi que les muscles du haut et des c\u00f4t\u00e9s du dos et de la poitrine. Favorise la force et la&#8230;<\/p>\n","protected":false},"featured_media":47867,"template":"","meta":[],"product_brand":[],"product_cat":[12394,12261],"product_tag":[],"class_list":{"0":"post-50842","1":"product","2":"type-product","3":"status-publish","4":"has-post-thumbnail","6":"product_cat-equipements-playfit","7":"product_cat-playfit","9":"first","10":"instock","11":"shipping-taxable","12":"purchasable","13":"product-type-simple"},"_links":{"self":[{"href":"https:\/\/verticaltechnik.ch\/fr\/wp-json\/wp\/v2\/product\/50842","targetHints":{"allow":["GET"]}}],"collection":[{"href":"https:\/\/verticaltechnik.ch\/fr\/wp-json\/wp\/v2\/product"}],"about":[{"href":"https:\/\/verticaltechnik.ch\/fr\/wp-json\/wp\/v2\/types\/product"}],"wp:featuredmedia":[{"embeddable":true,"href":"https:\/\/verticaltechnik.ch\/fr\/wp-json\/wp\/v2\/media\/47867"}],"wp:attachment":[{"href":"https:\/\/verticaltechnik.ch\/fr\/wp-json\/wp\/v2\/media?parent=50842"}],"wp:term":[{"taxonomy":"product_brand","embeddable":true,"href":"https:\/\/verticaltechnik.ch\/fr\/wp-json\/wp\/v2\/product_brand?post=50842"},{"taxonomy":"product_cat","embeddable":true,"href":"https:\/\/verticaltechnik.ch\/fr\/wp-json\/wp\/v2\/product_cat?post=50842"},{"taxonomy":"product_tag","embeddable":true,"href":"https:\/\/verticaltechnik.ch\/fr\/wp-json\/wp\/v2\/product_tag?post=50842"}],"curies":[{"name":"wp","href":"https:\/\/api.w.org\/{rel}","templated":true}]}}