{"id":50876,"date":"2025-08-28T10:58:49","date_gmt":"2025-08-28T10:58:49","guid":{"rendered":"https:\/\/newvt.verticaltechnik.ch\/product\/extension-arriere\/"},"modified":"2025-08-28T10:58:49","modified_gmt":"2025-08-28T10:58:49","slug":"extension-arriere","status":"publish","type":"product","link":"https:\/\/verticaltechnik.ch\/fr\/product\/extension-arriere\/","title":{"rendered":"Extension arri\u00e8re"},"content":{"rendered":"<p>Cette station est ax\u00e9e sur le renforcement des muscles du dos. Elle est id\u00e9ale pour soutenir la colonne vert\u00e9brale et am\u00e9liorer la stabilit\u00e9 du tronc. <\/p>\n<p>Nos appareils de fitness se distinguent par leur acier inoxydable poli mat, agr\u00e9able au toucher et hygi\u00e9nique. Ils offrent un dimensionnement au style s\u00fbr et sont prot\u00e9g\u00e9s contre les dommages et le vandalisme gr\u00e2ce \u00e0 leur construction robuste. Leur r\u00e9sistance \u00e0 la corrosion et leur long\u00e9vit\u00e9 garantissent une facilit\u00e9 d&rsquo;entretien \u00e9conomique. La r\u00e9sistance au vieillissement et le faible entretien sont essentiels, c&rsquo;est pourquoi l&rsquo;acier inoxydable est le choix optimal.   <\/p>\n","protected":false},"excerpt":{"rendered":"<p>Cette station est ax\u00e9e sur le renforcement des muscles du dos. Elle est id\u00e9ale pour soutenir la colonne vert\u00e9brale et am\u00e9liorer la stabilit\u00e9 du tronc. Nos appareils de fitness se&#8230;<\/p>\n","protected":false},"featured_media":47959,"template":"","meta":[],"product_brand":[],"product_cat":[12269],"product_tag":[],"class_list":{"0":"post-50876","1":"product","2":"type-product","3":"status-publish","4":"has-post-thumbnail","6":"product_cat-vgym","8":"first","9":"instock","10":"shipping-taxable","11":"purchasable","12":"product-type-simple"},"_links":{"self":[{"href":"https:\/\/verticaltechnik.ch\/fr\/wp-json\/wp\/v2\/product\/50876","targetHints":{"allow":["GET"]}}],"collection":[{"href":"https:\/\/verticaltechnik.ch\/fr\/wp-json\/wp\/v2\/product"}],"about":[{"href":"https:\/\/verticaltechnik.ch\/fr\/wp-json\/wp\/v2\/types\/product"}],"wp:featuredmedia":[{"embeddable":true,"href":"https:\/\/verticaltechnik.ch\/fr\/wp-json\/wp\/v2\/media\/47959"}],"wp:attachment":[{"href":"https:\/\/verticaltechnik.ch\/fr\/wp-json\/wp\/v2\/media?parent=50876"}],"wp:term":[{"taxonomy":"product_brand","embeddable":true,"href":"https:\/\/verticaltechnik.ch\/fr\/wp-json\/wp\/v2\/product_brand?post=50876"},{"taxonomy":"product_cat","embeddable":true,"href":"https:\/\/verticaltechnik.ch\/fr\/wp-json\/wp\/v2\/product_cat?post=50876"},{"taxonomy":"product_tag","embeddable":true,"href":"https:\/\/verticaltechnik.ch\/fr\/wp-json\/wp\/v2\/product_tag?post=50876"}],"curies":[{"name":"wp","href":"https:\/\/api.w.org\/{rel}","templated":true}]}}