{"id":50881,"date":"2025-08-28T10:58:48","date_gmt":"2025-08-28T10:58:48","guid":{"rendered":"https:\/\/newvt.verticaltechnik.ch\/product\/presse-a-banc\/"},"modified":"2025-08-28T10:58:48","modified_gmt":"2025-08-28T10:58:48","slug":"presse-a-banc","status":"publish","type":"product","link":"https:\/\/verticaltechnik.ch\/fr\/product\/presse-a-banc\/","title":{"rendered":"Presse \u00e0 banc"},"content":{"rendered":"<p>Un classique pour le d\u00e9veloppement des muscles pectoraux, offrant une plateforme stable pour des exercices de d\u00e9velopp\u00e9 couch\u00e9 efficaces, ciblant les muscles de la poitrine.<\/p>\n<p>Nos appareils de fitness se distinguent par leur acier inoxydable poli mat, agr\u00e9able au toucher et hygi\u00e9nique. Ils offrent un dimensionnement au style s\u00fbr et sont prot\u00e9g\u00e9s contre les dommages et le vandalisme gr\u00e2ce \u00e0 leur construction robuste. Leur r\u00e9sistance \u00e0 la corrosion et leur long\u00e9vit\u00e9 garantissent une facilit\u00e9 d&rsquo;entretien \u00e9conomique. La r\u00e9sistance au vieillissement et le faible entretien sont essentiels, c&rsquo;est pourquoi l&rsquo;acier inoxydable est le choix optimal.   <\/p>\n","protected":false},"excerpt":{"rendered":"<p>Un classique pour le d\u00e9veloppement des muscles pectoraux, offrant une plateforme stable pour des exercices de d\u00e9velopp\u00e9 couch\u00e9 efficaces, ciblant les muscles de la poitrine. Nos appareils de fitness se&#8230;<\/p>\n","protected":false},"featured_media":47963,"template":"","meta":[],"product_brand":[],"product_cat":[12269],"product_tag":[],"class_list":{"0":"post-50881","1":"product","2":"type-product","3":"status-publish","4":"has-post-thumbnail","6":"product_cat-vgym","8":"first","9":"instock","10":"shipping-taxable","11":"purchasable","12":"product-type-simple"},"_links":{"self":[{"href":"https:\/\/verticaltechnik.ch\/fr\/wp-json\/wp\/v2\/product\/50881","targetHints":{"allow":["GET"]}}],"collection":[{"href":"https:\/\/verticaltechnik.ch\/fr\/wp-json\/wp\/v2\/product"}],"about":[{"href":"https:\/\/verticaltechnik.ch\/fr\/wp-json\/wp\/v2\/types\/product"}],"wp:featuredmedia":[{"embeddable":true,"href":"https:\/\/verticaltechnik.ch\/fr\/wp-json\/wp\/v2\/media\/47963"}],"wp:attachment":[{"href":"https:\/\/verticaltechnik.ch\/fr\/wp-json\/wp\/v2\/media?parent=50881"}],"wp:term":[{"taxonomy":"product_brand","embeddable":true,"href":"https:\/\/verticaltechnik.ch\/fr\/wp-json\/wp\/v2\/product_brand?post=50881"},{"taxonomy":"product_cat","embeddable":true,"href":"https:\/\/verticaltechnik.ch\/fr\/wp-json\/wp\/v2\/product_cat?post=50881"},{"taxonomy":"product_tag","embeddable":true,"href":"https:\/\/verticaltechnik.ch\/fr\/wp-json\/wp\/v2\/product_tag?post=50881"}],"curies":[{"name":"wp","href":"https:\/\/api.w.org\/{rel}","templated":true}]}}