{"id":50891,"date":"2025-08-28T10:59:51","date_gmt":"2025-08-28T10:59:51","guid":{"rendered":"https:\/\/newvt.verticaltechnik.ch\/product\/chin-up-dip-flying-pull-up\/"},"modified":"2025-08-28T10:59:51","modified_gmt":"2025-08-28T10:59:51","slug":"chin-up-dip-flying-pull-up","status":"publish","type":"product","link":"https:\/\/verticaltechnik.ch\/fr\/product\/chin-up-dip-flying-pull-up\/","title":{"rendered":"Chin Up &#8211; Dip &#8211; Flying Pull-Up"},"content":{"rendered":"<p>Cette station a \u00e9t\u00e9 con\u00e7ue pour entra\u00eener les muscles de la poitrine, du dos, des \u00e9paules, des biceps, des triceps et des avant-bras. Elle convient aux utilisateurs de tous \u00e2ges et de tous niveaux de forme physique, des adolescents aux seniors en passant par les professionnels. <\/p>\n<p>Nos appareils de fitness se distinguent par leur acier inoxydable poli mat, agr\u00e9able au toucher et hygi\u00e9nique. Ils offrent un dimensionnement au style s\u00fbr et sont prot\u00e9g\u00e9s contre les dommages et le vandalisme gr\u00e2ce \u00e0 leur construction robuste. Leur r\u00e9sistance \u00e0 la corrosion et leur long\u00e9vit\u00e9 garantissent une facilit\u00e9 d&rsquo;entretien \u00e9conomique. La r\u00e9sistance au vieillissement et le faible entretien sont essentiels, c&rsquo;est pourquoi l&rsquo;acier inoxydable est le choix optimal.   <\/p>\n","protected":false},"excerpt":{"rendered":"<p>Cette station a \u00e9t\u00e9 con\u00e7ue pour entra\u00eener les muscles de la poitrine, du dos, des \u00e9paules, des biceps, des triceps et des avant-bras. Elle convient aux utilisateurs de tous \u00e2ges&#8230;<\/p>\n","protected":false},"featured_media":47935,"template":"","meta":[],"product_brand":[],"product_cat":[12269],"product_tag":[],"class_list":{"0":"post-50891","1":"product","2":"type-product","3":"status-publish","4":"has-post-thumbnail","6":"product_cat-vgym","8":"first","9":"instock","10":"shipping-taxable","11":"purchasable","12":"product-type-simple"},"_links":{"self":[{"href":"https:\/\/verticaltechnik.ch\/fr\/wp-json\/wp\/v2\/product\/50891","targetHints":{"allow":["GET"]}}],"collection":[{"href":"https:\/\/verticaltechnik.ch\/fr\/wp-json\/wp\/v2\/product"}],"about":[{"href":"https:\/\/verticaltechnik.ch\/fr\/wp-json\/wp\/v2\/types\/product"}],"wp:featuredmedia":[{"embeddable":true,"href":"https:\/\/verticaltechnik.ch\/fr\/wp-json\/wp\/v2\/media\/47935"}],"wp:attachment":[{"href":"https:\/\/verticaltechnik.ch\/fr\/wp-json\/wp\/v2\/media?parent=50891"}],"wp:term":[{"taxonomy":"product_brand","embeddable":true,"href":"https:\/\/verticaltechnik.ch\/fr\/wp-json\/wp\/v2\/product_brand?post=50891"},{"taxonomy":"product_cat","embeddable":true,"href":"https:\/\/verticaltechnik.ch\/fr\/wp-json\/wp\/v2\/product_cat?post=50891"},{"taxonomy":"product_tag","embeddable":true,"href":"https:\/\/verticaltechnik.ch\/fr\/wp-json\/wp\/v2\/product_tag?post=50891"}],"curies":[{"name":"wp","href":"https:\/\/api.w.org\/{rel}","templated":true}]}}