{"id":51016,"date":"2025-08-28T11:07:15","date_gmt":"2025-08-28T11:07:15","guid":{"rendered":"https:\/\/newvt.verticaltechnik.ch\/product\/palier-de-resistance-avec-circlips-pour-velo-dappartement\/"},"modified":"2026-02-19T14:30:03","modified_gmt":"2026-02-19T14:30:03","slug":"palier-de-resistance-avec-circlips-pour-velo-dappartement","status":"publish","type":"product","link":"https:\/\/verticaltechnik.ch\/fr\/produit\/palier-de-resistance-avec-circlips-pour-velo-dappartement\/","title":{"rendered":"Palier de r\u00e9sistance avec circlips pour v\u00e9lo d&rsquo;appartement"},"content":{"rendered":"<p>Palier de r\u00e9sistance avec circlips pour v\u00e9lo d&rsquo;appartement<\/p>\n","protected":false},"excerpt":{"rendered":"<p>Palier de r\u00e9sistance avec circlips pour v\u00e9lo d&rsquo;appartement<\/p>\n","protected":false},"featured_media":58306,"template":"","meta":[],"product_brand":[],"product_cat":[12390],"product_tag":[],"class_list":{"0":"post-51016","1":"product","2":"type-product","3":"status-publish","4":"has-post-thumbnail","6":"product_cat-appareils-et-pieces-de-rechange","8":"first","9":"instock","10":"shipping-taxable","11":"purchasable","12":"product-type-simple"},"_links":{"self":[{"href":"https:\/\/verticaltechnik.ch\/fr\/wp-json\/wp\/v2\/product\/51016","targetHints":{"allow":["GET"]}}],"collection":[{"href":"https:\/\/verticaltechnik.ch\/fr\/wp-json\/wp\/v2\/product"}],"about":[{"href":"https:\/\/verticaltechnik.ch\/fr\/wp-json\/wp\/v2\/types\/product"}],"wp:featuredmedia":[{"embeddable":true,"href":"https:\/\/verticaltechnik.ch\/fr\/wp-json\/wp\/v2\/media\/58306"}],"wp:attachment":[{"href":"https:\/\/verticaltechnik.ch\/fr\/wp-json\/wp\/v2\/media?parent=51016"}],"wp:term":[{"taxonomy":"product_brand","embeddable":true,"href":"https:\/\/verticaltechnik.ch\/fr\/wp-json\/wp\/v2\/product_brand?post=51016"},{"taxonomy":"product_cat","embeddable":true,"href":"https:\/\/verticaltechnik.ch\/fr\/wp-json\/wp\/v2\/product_cat?post=51016"},{"taxonomy":"product_tag","embeddable":true,"href":"https:\/\/verticaltechnik.ch\/fr\/wp-json\/wp\/v2\/product_tag?post=51016"}],"curies":[{"name":"wp","href":"https:\/\/api.w.org\/{rel}","templated":true}]}}