{"id":51020,"date":"2025-08-28T11:07:16","date_gmt":"2025-08-28T11:07:16","guid":{"rendered":"https:\/\/newvt.verticaltechnik.ch\/product\/1-roulement-a-billes-pour-velo-dappartement\/"},"modified":"2026-02-19T14:07:44","modified_gmt":"2026-02-19T14:07:44","slug":"1-roulement-a-billes-pour-velo-dappartement","status":"publish","type":"product","link":"https:\/\/verticaltechnik.ch\/fr\/produit\/1-roulement-a-billes-pour-velo-dappartement\/","title":{"rendered":"1 roulement \u00e0 billes pour v\u00e9lo d&rsquo;appartement"},"content":{"rendered":"<p>1 roulement \u00e0 billes pour v\u00e9lo d&rsquo;appartement, 2 pi\u00e8ces sont toujours n\u00e9cessaires.<\/p>\n","protected":false},"excerpt":{"rendered":"<p>1 roulement \u00e0 billes pour v\u00e9lo d&rsquo;appartement, 2 pi\u00e8ces sont toujours n\u00e9cessaires.<\/p>\n","protected":false},"featured_media":58314,"template":"","meta":[],"product_brand":[],"product_cat":[12390],"product_tag":[],"class_list":{"0":"post-51020","1":"product","2":"type-product","3":"status-publish","4":"has-post-thumbnail","6":"product_cat-appareils-et-pieces-de-rechange","8":"first","9":"instock","10":"shipping-taxable","11":"purchasable","12":"product-type-simple"},"_links":{"self":[{"href":"https:\/\/verticaltechnik.ch\/fr\/wp-json\/wp\/v2\/product\/51020","targetHints":{"allow":["GET"]}}],"collection":[{"href":"https:\/\/verticaltechnik.ch\/fr\/wp-json\/wp\/v2\/product"}],"about":[{"href":"https:\/\/verticaltechnik.ch\/fr\/wp-json\/wp\/v2\/types\/product"}],"wp:featuredmedia":[{"embeddable":true,"href":"https:\/\/verticaltechnik.ch\/fr\/wp-json\/wp\/v2\/media\/58314"}],"wp:attachment":[{"href":"https:\/\/verticaltechnik.ch\/fr\/wp-json\/wp\/v2\/media?parent=51020"}],"wp:term":[{"taxonomy":"product_brand","embeddable":true,"href":"https:\/\/verticaltechnik.ch\/fr\/wp-json\/wp\/v2\/product_brand?post=51020"},{"taxonomy":"product_cat","embeddable":true,"href":"https:\/\/verticaltechnik.ch\/fr\/wp-json\/wp\/v2\/product_cat?post=51020"},{"taxonomy":"product_tag","embeddable":true,"href":"https:\/\/verticaltechnik.ch\/fr\/wp-json\/wp\/v2\/product_tag?post=51020"}],"curies":[{"name":"wp","href":"https:\/\/api.w.org\/{rel}","templated":true}]}}