{"id":51021,"date":"2025-08-28T10:48:29","date_gmt":"2025-08-28T10:48:29","guid":{"rendered":"https:\/\/newvt.verticaltechnik.ch\/product\/combo-snake-monkey-barres-hautes\/"},"modified":"2026-02-17T10:58:01","modified_gmt":"2026-02-17T10:58:01","slug":"combo-snake-monkey-barres-hautes","status":"publish","type":"product","link":"https:\/\/verticaltechnik.ch\/fr\/produit\/combo-snake-monkey-barres-hautes\/","title":{"rendered":"Combo Snake + Monkey + Barres hautes"},"content":{"rendered":"<p>Construction en acier galvanis\u00e9, longerons lat\u00e9raux en tube rond 48,3 x 3,2 mm, entretoises en tube rond 33,7 x 3,2 mm, plaques de bride soud\u00e9es sur tout le pourtour, viss\u00e9es avec des vis de s\u00e9curit\u00e9 M10 x 25 mm<\/p>\n","protected":false},"excerpt":{"rendered":"<p>Construction en acier galvanis\u00e9, longerons lat\u00e9raux en tube rond 48,3 x 3,2 mm, entretoises en tube rond 33,7 x 3,2 mm, plaques de bride soud\u00e9es sur tout le pourtour, viss\u00e9es&#8230;<\/p>\n","protected":false},"featured_media":42438,"template":"","meta":[],"product_brand":[],"product_cat":[12020],"product_tag":[],"class_list":{"0":"post-51021","1":"product","2":"type-product","3":"status-publish","4":"has-post-thumbnail","6":"product_cat-modules","8":"first","9":"instock","10":"shipping-taxable","11":"purchasable","12":"product-type-simple"},"_links":{"self":[{"href":"https:\/\/verticaltechnik.ch\/fr\/wp-json\/wp\/v2\/product\/51021","targetHints":{"allow":["GET"]}}],"collection":[{"href":"https:\/\/verticaltechnik.ch\/fr\/wp-json\/wp\/v2\/product"}],"about":[{"href":"https:\/\/verticaltechnik.ch\/fr\/wp-json\/wp\/v2\/types\/product"}],"wp:featuredmedia":[{"embeddable":true,"href":"https:\/\/verticaltechnik.ch\/fr\/wp-json\/wp\/v2\/media\/42438"}],"wp:attachment":[{"href":"https:\/\/verticaltechnik.ch\/fr\/wp-json\/wp\/v2\/media?parent=51021"}],"wp:term":[{"taxonomy":"product_brand","embeddable":true,"href":"https:\/\/verticaltechnik.ch\/fr\/wp-json\/wp\/v2\/product_brand?post=51021"},{"taxonomy":"product_cat","embeddable":true,"href":"https:\/\/verticaltechnik.ch\/fr\/wp-json\/wp\/v2\/product_cat?post=51021"},{"taxonomy":"product_tag","embeddable":true,"href":"https:\/\/verticaltechnik.ch\/fr\/wp-json\/wp\/v2\/product_tag?post=51021"}],"curies":[{"name":"wp","href":"https:\/\/api.w.org\/{rel}","templated":true}]}}