{"id":51027,"date":"2025-08-28T10:48:35","date_gmt":"2025-08-28T10:48:35","guid":{"rendered":"https:\/\/newvt.verticaltechnik.ch\/product\/combo-table-a-wheelie-en-granit-300-500-plo\/"},"modified":"2025-08-28T10:48:35","modified_gmt":"2025-08-28T10:48:35","slug":"combo-table-a-wheelie-en-granit-300-500-plo","status":"publish","type":"product","link":"https:\/\/verticaltechnik.ch\/fr\/produit\/combo-table-a-wheelie-en-granit-300-500-plo\/","title":{"rendered":"Combo table \u00e0 wheelie en granit 300\/500 PLO"},"content":{"rendered":"<p>Ce module se compose de deux boxes sur lesquelles on peut sauter avec un ollie. Sur la surface, on r\u00e9alise des figures comme des wheelies (\u00e9quilibre sur deux roues). \u00c0 partir d&rsquo;un wheelie, on peut d\u00e9river d&rsquo;innombrables variations que l&rsquo;on ajoute en descendant, comme par exemple un flip \u00e0 360\u00b0 (rotation du skateboard de 360\u00b0 sur l&rsquo;axe longitudinal) pour ensuite atterrir \u00e0 nouveau dessus. Ce module offre de nombreuses possibilit\u00e9s d&rsquo;\u00eatre cr\u00e9atif. C&rsquo;est un module de base tr\u00e8s appr\u00e9ci\u00e9 dans un skatepark. Si l&rsquo;espace est suffisant, diff\u00e9rentes hauteurs devraient \u00eatre disponibles afin de proposer diff\u00e9rents niveaux de difficult\u00e9.     <\/p>\n","protected":false},"excerpt":{"rendered":"<p>Ce module se compose de deux boxes sur lesquelles on peut sauter avec un ollie. Sur la surface, on r\u00e9alise des figures comme des wheelies (\u00e9quilibre sur deux roues). \u00c0&#8230;<\/p>\n","protected":false},"featured_media":42418,"template":"","meta":[],"product_brand":[],"product_cat":[11902],"product_tag":[],"class_list":{"0":"post-51027","1":"product","2":"type-product","3":"status-publish","4":"has-post-thumbnail","6":"product_cat-tables","8":"first","9":"instock","10":"shipping-taxable","11":"purchasable","12":"product-type-simple"},"_links":{"self":[{"href":"https:\/\/verticaltechnik.ch\/fr\/wp-json\/wp\/v2\/product\/51027","targetHints":{"allow":["GET"]}}],"collection":[{"href":"https:\/\/verticaltechnik.ch\/fr\/wp-json\/wp\/v2\/product"}],"about":[{"href":"https:\/\/verticaltechnik.ch\/fr\/wp-json\/wp\/v2\/types\/product"}],"wp:featuredmedia":[{"embeddable":true,"href":"https:\/\/verticaltechnik.ch\/fr\/wp-json\/wp\/v2\/media\/42418"}],"wp:attachment":[{"href":"https:\/\/verticaltechnik.ch\/fr\/wp-json\/wp\/v2\/media?parent=51027"}],"wp:term":[{"taxonomy":"product_brand","embeddable":true,"href":"https:\/\/verticaltechnik.ch\/fr\/wp-json\/wp\/v2\/product_brand?post=51027"},{"taxonomy":"product_cat","embeddable":true,"href":"https:\/\/verticaltechnik.ch\/fr\/wp-json\/wp\/v2\/product_cat?post=51027"},{"taxonomy":"product_tag","embeddable":true,"href":"https:\/\/verticaltechnik.ch\/fr\/wp-json\/wp\/v2\/product_tag?post=51027"}],"curies":[{"name":"wp","href":"https:\/\/api.w.org\/{rel}","templated":true}]}}