{"id":51028,"date":"2025-08-28T10:48:32","date_gmt":"2025-08-28T10:48:32","guid":{"rendered":"https:\/\/newvt.verticaltechnik.ch\/product\/rebord-en-pierre-de-granit-350-420-x-25-m-2\/"},"modified":"2025-08-28T10:48:32","modified_gmt":"2025-08-28T10:48:32","slug":"rebord-en-pierre-de-granit-350-420-x-25-m-2","status":"publish","type":"product","link":"https:\/\/verticaltechnik.ch\/fr\/produit\/rebord-en-pierre-de-granit-350-420-x-25-m-2\/","title":{"rendered":"Rebord en pierre de granit 350 420 x 2,5 m"},"content":{"rendered":"<p>La Stone Ledge est tr\u00e8s appr\u00e9ci\u00e9e pour ses propri\u00e9t\u00e9s de glisse id\u00e9ales et sa surface de glisse fine en granit. On y r\u00e9alise des figures telles que le Tailslide, le Noseslide ou les Grinds, avec de nombreuses combinaisons possibles. L&rsquo;utilisation procure une sensation de conduite particuli\u00e8rement agr\u00e9able avec un contr\u00f4le parfait de la planche.  <\/p>\n","protected":false},"excerpt":{"rendered":"<p>La Stone Ledge est tr\u00e8s appr\u00e9ci\u00e9e pour ses propri\u00e9t\u00e9s de glisse id\u00e9ales et sa surface de glisse fine en granit. On y r\u00e9alise des figures telles que le Tailslide, le&#8230;<\/p>\n","protected":false},"featured_media":42430,"template":"","meta":[],"product_brand":[],"product_cat":[11905],"product_tag":[],"class_list":{"0":"post-51028","1":"product","2":"type-product","3":"status-publish","4":"has-post-thumbnail","6":"product_cat-rebords-3","8":"first","9":"instock","10":"shipping-taxable","11":"purchasable","12":"product-type-simple"},"_links":{"self":[{"href":"https:\/\/verticaltechnik.ch\/fr\/wp-json\/wp\/v2\/product\/51028","targetHints":{"allow":["GET"]}}],"collection":[{"href":"https:\/\/verticaltechnik.ch\/fr\/wp-json\/wp\/v2\/product"}],"about":[{"href":"https:\/\/verticaltechnik.ch\/fr\/wp-json\/wp\/v2\/types\/product"}],"wp:featuredmedia":[{"embeddable":true,"href":"https:\/\/verticaltechnik.ch\/fr\/wp-json\/wp\/v2\/media\/42430"}],"wp:attachment":[{"href":"https:\/\/verticaltechnik.ch\/fr\/wp-json\/wp\/v2\/media?parent=51028"}],"wp:term":[{"taxonomy":"product_brand","embeddable":true,"href":"https:\/\/verticaltechnik.ch\/fr\/wp-json\/wp\/v2\/product_brand?post=51028"},{"taxonomy":"product_cat","embeddable":true,"href":"https:\/\/verticaltechnik.ch\/fr\/wp-json\/wp\/v2\/product_cat?post=51028"},{"taxonomy":"product_tag","embeddable":true,"href":"https:\/\/verticaltechnik.ch\/fr\/wp-json\/wp\/v2\/product_tag?post=51028"}],"curies":[{"name":"wp","href":"https:\/\/api.w.org\/{rel}","templated":true}]}}