{"id":51031,"date":"2025-08-28T10:50:56","date_gmt":"2025-08-28T10:50:56","guid":{"rendered":"https:\/\/newvt.verticaltechnik.ch\/product\/stepper\/"},"modified":"2025-08-28T10:50:56","modified_gmt":"2025-08-28T10:50:56","slug":"stepper","status":"publish","type":"product","link":"https:\/\/verticaltechnik.ch\/fr\/product\/stepper\/","title":{"rendered":"Stepper"},"content":{"rendered":"<p>Tube carr\u00e9 120x120x5 mm, Skateface\u00a9, galvanis\u00e9, fixation avec plaques \u00e0 bride sur socle en b\u00e9ton avec vis M10 galvanis\u00e9es.<\/p>\n","protected":false},"excerpt":{"rendered":"<p>Tube carr\u00e9 120x120x5 mm, Skateface\u00a9, galvanis\u00e9, fixation avec plaques \u00e0 bride sur socle en b\u00e9ton avec vis M10 galvanis\u00e9es.<\/p>\n","protected":false},"featured_media":42330,"template":"","meta":[],"product_brand":[],"product_cat":[12008],"product_tag":[],"class_list":{"0":"post-51031","1":"product","2":"type-product","3":"status-publish","4":"has-post-thumbnail","6":"product_cat-materiel-de-connexion","8":"first","9":"instock","10":"shipping-taxable","11":"purchasable","12":"product-type-simple"},"_links":{"self":[{"href":"https:\/\/verticaltechnik.ch\/fr\/wp-json\/wp\/v2\/product\/51031","targetHints":{"allow":["GET"]}}],"collection":[{"href":"https:\/\/verticaltechnik.ch\/fr\/wp-json\/wp\/v2\/product"}],"about":[{"href":"https:\/\/verticaltechnik.ch\/fr\/wp-json\/wp\/v2\/types\/product"}],"wp:featuredmedia":[{"embeddable":true,"href":"https:\/\/verticaltechnik.ch\/fr\/wp-json\/wp\/v2\/media\/42330"}],"wp:attachment":[{"href":"https:\/\/verticaltechnik.ch\/fr\/wp-json\/wp\/v2\/media?parent=51031"}],"wp:term":[{"taxonomy":"product_brand","embeddable":true,"href":"https:\/\/verticaltechnik.ch\/fr\/wp-json\/wp\/v2\/product_brand?post=51031"},{"taxonomy":"product_cat","embeddable":true,"href":"https:\/\/verticaltechnik.ch\/fr\/wp-json\/wp\/v2\/product_cat?post=51031"},{"taxonomy":"product_tag","embeddable":true,"href":"https:\/\/verticaltechnik.ch\/fr\/wp-json\/wp\/v2\/product_tag?post=51031"}],"curies":[{"name":"wp","href":"https:\/\/api.w.org\/{rel}","templated":true}]}}