{"id":51034,"date":"2025-08-28T10:48:33","date_gmt":"2025-08-28T10:48:33","guid":{"rendered":"https:\/\/newvt.verticaltechnik.ch\/product\/support-pour-panneau-dinformation-70x100-tube-carre\/"},"modified":"2025-08-28T10:48:33","modified_gmt":"2025-08-28T10:48:33","slug":"support-pour-panneau-dinformation-70x100-tube-carre","status":"publish","type":"product","link":"https:\/\/verticaltechnik.ch\/fr\/produit\/support-pour-panneau-dinformation-70x100-tube-carre\/","title":{"rendered":"Support pour panneau d&rsquo;information 70&#215;100 (tube carr\u00e9)"},"content":{"rendered":"<p>Ce support en acier galvanis\u00e9 peut \u00eatre install\u00e9 n&rsquo;importe o\u00f9 sur un sol goudronn\u00e9 ou sur un sol enherb\u00e9. Il peut ainsi \u00eatre plac\u00e9 directement dans la zone d&rsquo;entr\u00e9e o\u00f9 il sera vu par chaque utilisateur. Ce produit est compatible avec K00699, K00702, K00703.  <\/p>\n","protected":false},"excerpt":{"rendered":"<p>Ce support en acier galvanis\u00e9 peut \u00eatre install\u00e9 n&rsquo;importe o\u00f9 sur un sol goudronn\u00e9 ou sur un sol enherb\u00e9. Il peut ainsi \u00eatre plac\u00e9 directement dans la zone d&rsquo;entr\u00e9e o\u00f9&#8230;<\/p>\n","protected":false},"featured_media":42426,"template":"","meta":[],"product_brand":[],"product_cat":[11957],"product_tag":[],"class_list":{"0":"post-51034","1":"product","2":"type-product","3":"status-publish","4":"has-post-thumbnail","6":"product_cat-signalisation","8":"first","9":"instock","10":"shipping-taxable","11":"purchasable","12":"product-type-simple"},"_links":{"self":[{"href":"https:\/\/verticaltechnik.ch\/fr\/wp-json\/wp\/v2\/product\/51034","targetHints":{"allow":["GET"]}}],"collection":[{"href":"https:\/\/verticaltechnik.ch\/fr\/wp-json\/wp\/v2\/product"}],"about":[{"href":"https:\/\/verticaltechnik.ch\/fr\/wp-json\/wp\/v2\/types\/product"}],"wp:featuredmedia":[{"embeddable":true,"href":"https:\/\/verticaltechnik.ch\/fr\/wp-json\/wp\/v2\/media\/42426"}],"wp:attachment":[{"href":"https:\/\/verticaltechnik.ch\/fr\/wp-json\/wp\/v2\/media?parent=51034"}],"wp:term":[{"taxonomy":"product_brand","embeddable":true,"href":"https:\/\/verticaltechnik.ch\/fr\/wp-json\/wp\/v2\/product_brand?post=51034"},{"taxonomy":"product_cat","embeddable":true,"href":"https:\/\/verticaltechnik.ch\/fr\/wp-json\/wp\/v2\/product_cat?post=51034"},{"taxonomy":"product_tag","embeddable":true,"href":"https:\/\/verticaltechnik.ch\/fr\/wp-json\/wp\/v2\/product_tag?post=51034"}],"curies":[{"name":"wp","href":"https:\/\/api.w.org\/{rel}","templated":true}]}}