{"id":51075,"date":"2025-08-28T11:07:14","date_gmt":"2025-08-28T11:07:14","guid":{"rendered":"https:\/\/newvt.verticaltechnik.ch\/product\/poignee-avec-roulement-a-billes-et-axe-pour-appareil-dentrainement-a-la-mobilite\/"},"modified":"2026-03-16T13:58:30","modified_gmt":"2026-03-16T13:58:30","slug":"poignee-avec-roulement-a-billes-et-axe-pour-appareil-dentrainement-a-la-mobilite","status":"publish","type":"product","link":"https:\/\/verticaltechnik.ch\/fr\/produit\/poignee-avec-roulement-a-billes-et-axe-pour-appareil-dentrainement-a-la-mobilite\/","title":{"rendered":"Poign\u00e9e avec roulement \u00e0 billes et axe pour appareil d&rsquo;entra\u00eenement \u00e0 la mobilit\u00e9"},"content":{"rendered":"<p>Poign\u00e9e avec roulement \u00e0 billes et axe pour appareil d&rsquo;entra\u00eenement \u00e0 la mobilit\u00e9.<\/p>\n","protected":false},"excerpt":{"rendered":"<p>Poign\u00e9e avec roulement \u00e0 billes et axe pour appareil d&rsquo;entra\u00eenement \u00e0 la mobilit\u00e9.<\/p>\n","protected":false},"featured_media":58442,"template":"","meta":[],"product_brand":[],"product_cat":[12390],"product_tag":[],"class_list":{"0":"post-51075","1":"product","2":"type-product","3":"status-publish","4":"has-post-thumbnail","6":"product_cat-appareils-et-pieces-de-rechange","8":"first","9":"instock","10":"shipping-taxable","11":"purchasable","12":"product-type-simple"},"_links":{"self":[{"href":"https:\/\/verticaltechnik.ch\/fr\/wp-json\/wp\/v2\/product\/51075","targetHints":{"allow":["GET"]}}],"collection":[{"href":"https:\/\/verticaltechnik.ch\/fr\/wp-json\/wp\/v2\/product"}],"about":[{"href":"https:\/\/verticaltechnik.ch\/fr\/wp-json\/wp\/v2\/types\/product"}],"wp:featuredmedia":[{"embeddable":true,"href":"https:\/\/verticaltechnik.ch\/fr\/wp-json\/wp\/v2\/media\/58442"}],"wp:attachment":[{"href":"https:\/\/verticaltechnik.ch\/fr\/wp-json\/wp\/v2\/media?parent=51075"}],"wp:term":[{"taxonomy":"product_brand","embeddable":true,"href":"https:\/\/verticaltechnik.ch\/fr\/wp-json\/wp\/v2\/product_brand?post=51075"},{"taxonomy":"product_cat","embeddable":true,"href":"https:\/\/verticaltechnik.ch\/fr\/wp-json\/wp\/v2\/product_cat?post=51075"},{"taxonomy":"product_tag","embeddable":true,"href":"https:\/\/verticaltechnik.ch\/fr\/wp-json\/wp\/v2\/product_tag?post=51075"}],"curies":[{"name":"wp","href":"https:\/\/api.w.org\/{rel}","templated":true}]}}