{"id":51082,"date":"2025-08-28T09:35:25","date_gmt":"2025-08-28T09:35:25","guid":{"rendered":"https:\/\/newvt.verticaltechnik.ch\/product\/panneau-dinformation-50-x-80-cm-street-workout\/"},"modified":"2025-08-28T09:35:25","modified_gmt":"2025-08-28T09:35:25","slug":"panneau-dinformation-50-x-80-cm-street-workout","status":"publish","type":"product","link":"https:\/\/verticaltechnik.ch\/fr\/produit\/panneau-dinformation-50-x-80-cm-street-workout\/","title":{"rendered":"Panneau d&rsquo;information 50 x 80 cm Street Workout"},"content":{"rendered":"<p>Pour l&rsquo;installation d&rsquo;une installation de Street Workout, nous recommandons l&rsquo;installation d&rsquo;un panneau d&rsquo;information conforme \u00e0 la norme EN 16630. L&rsquo;utilisation de l&rsquo;installation est ainsi r\u00e9glement\u00e9e entre l&rsquo;exploitant et les utilisateurs. Le panneau d&rsquo;information est graphiquement retravaill\u00e9 par nos soins selon les souhaits du client et contient des informations utiles telles que les r\u00e8gles et les heures d&rsquo;utilisation, les num\u00e9ros d&rsquo;urgence, les contacts et les logos de la commune ainsi que du fabricant. Les exercices sont r\u00e9pertori\u00e9s avec un code QR qui peut \u00eatre s\u00e9lectionn\u00e9 via un smartphone. Le panneau d&rsquo;information est install\u00e9 de mani\u00e8re visible \u00e0 l&rsquo;entr\u00e9e ou sur un support m\u00e9tallique (article n\u00b0 K00713) ou, selon les souhaits du client, sur un support en acier galvanis\u00e9 fix\u00e9 au sol (article n\u00b0 K00700).    <\/p>\n","protected":false},"excerpt":{"rendered":"<p>Pour l&rsquo;installation d&rsquo;une installation de Street Workout, nous recommandons l&rsquo;installation d&rsquo;un panneau d&rsquo;information conforme \u00e0 la norme EN 16630. L&rsquo;utilisation de l&rsquo;installation est ainsi r\u00e9glement\u00e9e entre l&rsquo;exploitant et les utilisateurs&#8230;.<\/p>\n","protected":false},"featured_media":45390,"template":"","meta":[],"product_brand":[],"product_cat":[12005,12248,11997],"product_tag":[],"class_list":{"0":"post-51082","1":"product","2":"type-product","3":"status-publish","4":"has-post-thumbnail","6":"product_cat-accessoires","8":"product_cat-version-legere","10":"first","11":"instock","12":"shipping-taxable","13":"purchasable","14":"product-type-simple"},"_links":{"self":[{"href":"https:\/\/verticaltechnik.ch\/fr\/wp-json\/wp\/v2\/product\/51082","targetHints":{"allow":["GET"]}}],"collection":[{"href":"https:\/\/verticaltechnik.ch\/fr\/wp-json\/wp\/v2\/product"}],"about":[{"href":"https:\/\/verticaltechnik.ch\/fr\/wp-json\/wp\/v2\/types\/product"}],"wp:featuredmedia":[{"embeddable":true,"href":"https:\/\/verticaltechnik.ch\/fr\/wp-json\/wp\/v2\/media\/45390"}],"wp:attachment":[{"href":"https:\/\/verticaltechnik.ch\/fr\/wp-json\/wp\/v2\/media?parent=51082"}],"wp:term":[{"taxonomy":"product_brand","embeddable":true,"href":"https:\/\/verticaltechnik.ch\/fr\/wp-json\/wp\/v2\/product_brand?post=51082"},{"taxonomy":"product_cat","embeddable":true,"href":"https:\/\/verticaltechnik.ch\/fr\/wp-json\/wp\/v2\/product_cat?post=51082"},{"taxonomy":"product_tag","embeddable":true,"href":"https:\/\/verticaltechnik.ch\/fr\/wp-json\/wp\/v2\/product_tag?post=51082"}],"curies":[{"name":"wp","href":"https:\/\/api.w.org\/{rel}","templated":true}]}}