{"id":51086,"date":"2025-08-28T09:35:24","date_gmt":"2025-08-28T09:35:24","guid":{"rendered":"https:\/\/newvt.verticaltechnik.ch\/product\/barre-en-u-400-revetement-en-poudre\/"},"modified":"2025-08-28T09:35:24","modified_gmt":"2025-08-28T09:35:24","slug":"barre-en-u-400-revetement-en-poudre","status":"publish","type":"product","link":"https:\/\/verticaltechnik.ch\/fr\/produit\/barre-en-u-400-revetement-en-poudre\/","title":{"rendered":"Barre en U 400 (rev\u00eatement en poudre)"},"content":{"rendered":"<p>Barres rondes 48,3 x 3,2 mm<br \/>\nProfil\u00e9s en acier galvanis\u00e9 et thermolaqu\u00e9 (couleur au choix du client)<br \/>\nFixation par platines \u00e0 bride sur socle en b\u00e9ton avec vis M10 galvanis\u00e9es<\/p>\n","protected":false},"excerpt":{"rendered":"<p>Barres rondes 48,3 x 3,2 mm Profil\u00e9s en acier galvanis\u00e9 et thermolaqu\u00e9 (couleur au choix du client) Fixation par platines \u00e0 bride sur socle en b\u00e9ton avec vis M10 galvanis\u00e9es<\/p>\n","protected":false},"featured_media":45394,"template":"","meta":[],"product_brand":[],"product_cat":[12020],"product_tag":[],"class_list":{"0":"post-51086","1":"product","2":"type-product","3":"status-publish","4":"has-post-thumbnail","6":"product_cat-modules","8":"first","9":"instock","10":"shipping-taxable","11":"purchasable","12":"product-type-simple"},"_links":{"self":[{"href":"https:\/\/verticaltechnik.ch\/fr\/wp-json\/wp\/v2\/product\/51086","targetHints":{"allow":["GET"]}}],"collection":[{"href":"https:\/\/verticaltechnik.ch\/fr\/wp-json\/wp\/v2\/product"}],"about":[{"href":"https:\/\/verticaltechnik.ch\/fr\/wp-json\/wp\/v2\/types\/product"}],"wp:featuredmedia":[{"embeddable":true,"href":"https:\/\/verticaltechnik.ch\/fr\/wp-json\/wp\/v2\/media\/45394"}],"wp:attachment":[{"href":"https:\/\/verticaltechnik.ch\/fr\/wp-json\/wp\/v2\/media?parent=51086"}],"wp:term":[{"taxonomy":"product_brand","embeddable":true,"href":"https:\/\/verticaltechnik.ch\/fr\/wp-json\/wp\/v2\/product_brand?post=51086"},{"taxonomy":"product_cat","embeddable":true,"href":"https:\/\/verticaltechnik.ch\/fr\/wp-json\/wp\/v2\/product_cat?post=51086"},{"taxonomy":"product_tag","embeddable":true,"href":"https:\/\/verticaltechnik.ch\/fr\/wp-json\/wp\/v2\/product_tag?post=51086"}],"curies":[{"name":"wp","href":"https:\/\/api.w.org\/{rel}","templated":true}]}}