{"id":51089,"date":"2025-08-28T09:34:29","date_gmt":"2025-08-28T09:34:29","guid":{"rendered":"https:\/\/newvt.verticaltechnik.ch\/product\/barres-paralleles-double-dip-bars-1200-power\/"},"modified":"2025-08-28T09:34:29","modified_gmt":"2025-08-28T09:34:29","slug":"barres-paralleles-double-dip-bars-1200-power","status":"publish","type":"product","link":"https:\/\/verticaltechnik.ch\/fr\/produit\/barres-paralleles-double-dip-bars-1200-power\/","title":{"rendered":"Barres parall\u00e8les Double Dip Bars 1200 power"},"content":{"rendered":"<p>Tubes en acier galvanis\u00e9 et thermolaqu\u00e9 48.3 x 3.2 mm, couleur au choix du client, fixation avec platines \u00e0 bride sur socle en b\u00e9ton avec platines \u00e0 bride et vis M10 galvanis\u00e9es.<\/p>\n","protected":false},"excerpt":{"rendered":"<p>Tubes en acier galvanis\u00e9 et thermolaqu\u00e9 48.3 x 3.2 mm, couleur au choix du client, fixation avec platines \u00e0 bride sur socle en b\u00e9ton avec platines \u00e0 bride et vis&#8230;<\/p>\n","protected":false},"featured_media":45402,"template":"","meta":[],"product_brand":[],"product_cat":[12020],"product_tag":[],"class_list":{"0":"post-51089","1":"product","2":"type-product","3":"status-publish","4":"has-post-thumbnail","6":"product_cat-modules","8":"first","9":"instock","10":"shipping-taxable","11":"purchasable","12":"product-type-simple"},"_links":{"self":[{"href":"https:\/\/verticaltechnik.ch\/fr\/wp-json\/wp\/v2\/product\/51089","targetHints":{"allow":["GET"]}}],"collection":[{"href":"https:\/\/verticaltechnik.ch\/fr\/wp-json\/wp\/v2\/product"}],"about":[{"href":"https:\/\/verticaltechnik.ch\/fr\/wp-json\/wp\/v2\/types\/product"}],"wp:featuredmedia":[{"embeddable":true,"href":"https:\/\/verticaltechnik.ch\/fr\/wp-json\/wp\/v2\/media\/45402"}],"wp:attachment":[{"href":"https:\/\/verticaltechnik.ch\/fr\/wp-json\/wp\/v2\/media?parent=51089"}],"wp:term":[{"taxonomy":"product_brand","embeddable":true,"href":"https:\/\/verticaltechnik.ch\/fr\/wp-json\/wp\/v2\/product_brand?post=51089"},{"taxonomy":"product_cat","embeddable":true,"href":"https:\/\/verticaltechnik.ch\/fr\/wp-json\/wp\/v2\/product_cat?post=51089"},{"taxonomy":"product_tag","embeddable":true,"href":"https:\/\/verticaltechnik.ch\/fr\/wp-json\/wp\/v2\/product_tag?post=51089"}],"curies":[{"name":"wp","href":"https:\/\/api.w.org\/{rel}","templated":true}]}}