{"id":51095,"date":"2025-08-28T09:34:28","date_gmt":"2025-08-28T09:34:28","guid":{"rendered":"https:\/\/newvt.verticaltechnik.ch\/product\/leve-jambe-revetement-en-poudre\/"},"modified":"2025-08-28T09:34:28","modified_gmt":"2025-08-28T09:34:28","slug":"leve-jambe-revetement-en-poudre","status":"publish","type":"product","link":"https:\/\/verticaltechnik.ch\/fr\/produit\/leve-jambe-revetement-en-poudre\/","title":{"rendered":"L\u00e8ve-jambe (rev\u00eatement en poudre)"},"content":{"rendered":"<p>Compos\u00e9 d&rsquo;un tube carr\u00e9 en acier de 80 x 80 mm coud\u00e9 \u00e0 640 mm, couvercle soud\u00e9, acier galvanis\u00e9, viss\u00e9 sur un socle en b\u00e9ton avec des ancrages adh\u00e9sifs M12, rev\u00eatement en poudre selon les souhaits du client <\/p>\n","protected":false},"excerpt":{"rendered":"<p>Compos\u00e9 d&rsquo;un tube carr\u00e9 en acier de 80 x 80 mm coud\u00e9 \u00e0 640 mm, couvercle soud\u00e9, acier galvanis\u00e9, viss\u00e9 sur un socle en b\u00e9ton avec des ancrages adh\u00e9sifs M12,&#8230;<\/p>\n","protected":false},"featured_media":45406,"template":"","meta":[],"product_brand":[],"product_cat":[12020],"product_tag":[],"class_list":{"0":"post-51095","1":"product","2":"type-product","3":"status-publish","4":"has-post-thumbnail","6":"product_cat-modules","8":"first","9":"instock","10":"shipping-taxable","11":"purchasable","12":"product-type-simple"},"_links":{"self":[{"href":"https:\/\/verticaltechnik.ch\/fr\/wp-json\/wp\/v2\/product\/51095","targetHints":{"allow":["GET"]}}],"collection":[{"href":"https:\/\/verticaltechnik.ch\/fr\/wp-json\/wp\/v2\/product"}],"about":[{"href":"https:\/\/verticaltechnik.ch\/fr\/wp-json\/wp\/v2\/types\/product"}],"wp:featuredmedia":[{"embeddable":true,"href":"https:\/\/verticaltechnik.ch\/fr\/wp-json\/wp\/v2\/media\/45406"}],"wp:attachment":[{"href":"https:\/\/verticaltechnik.ch\/fr\/wp-json\/wp\/v2\/media?parent=51095"}],"wp:term":[{"taxonomy":"product_brand","embeddable":true,"href":"https:\/\/verticaltechnik.ch\/fr\/wp-json\/wp\/v2\/product_brand?post=51095"},{"taxonomy":"product_cat","embeddable":true,"href":"https:\/\/verticaltechnik.ch\/fr\/wp-json\/wp\/v2\/product_cat?post=51095"},{"taxonomy":"product_tag","embeddable":true,"href":"https:\/\/verticaltechnik.ch\/fr\/wp-json\/wp\/v2\/product_tag?post=51095"}],"curies":[{"name":"wp","href":"https:\/\/api.w.org\/{rel}","templated":true}]}}