{"id":51101,"date":"2025-08-28T09:34:27","date_gmt":"2025-08-28T09:34:27","guid":{"rendered":"https:\/\/newvt.verticaltechnik.ch\/product\/barres-paralleles-basses-400-power\/"},"modified":"2025-08-28T09:34:27","modified_gmt":"2025-08-28T09:34:27","slug":"barres-paralleles-basses-400-power","status":"publish","type":"product","link":"https:\/\/verticaltechnik.ch\/fr\/produit\/barres-paralleles-basses-400-power\/","title":{"rendered":"Barres parall\u00e8les basses 400 Power"},"content":{"rendered":"<p>Les barres parall\u00e8les basses 400 sont principalement utilis\u00e9es pour favoriser la force, la stabilit\u00e9 et la coordination. Elles permettent \u00e9galement de pratiquer des \u00e9quilibres sur les mains, des dips ainsi que diverses combinaisons d&rsquo;exercices pour renforcer les muscles des bras, des \u00e9paules et de la poitrine. De plus, elles conviennent aux pompes simplifi\u00e9es ainsi qu&rsquo;\u00e0 divers exercices d&rsquo;\u00e9tirement et de mouvement. En raison de leur faible hauteur, elles sont particuli\u00e8rement adapt\u00e9es aux d\u00e9butants, aux enfants ou aux personnes qui souhaitent encore d\u00e9velopper leur technique.   <\/p>\n","protected":false},"excerpt":{"rendered":"<p>Les barres parall\u00e8les basses 400 sont principalement utilis\u00e9es pour favoriser la force, la stabilit\u00e9 et la coordination. Elles permettent \u00e9galement de pratiquer des \u00e9quilibres sur les mains, des dips ainsi&#8230;<\/p>\n","protected":false},"featured_media":45410,"template":"","meta":[],"product_brand":[],"product_cat":[12020],"product_tag":[],"class_list":{"0":"post-51101","1":"product","2":"type-product","3":"status-publish","4":"has-post-thumbnail","6":"product_cat-modules","8":"first","9":"instock","10":"shipping-taxable","11":"purchasable","12":"product-type-simple"},"_links":{"self":[{"href":"https:\/\/verticaltechnik.ch\/fr\/wp-json\/wp\/v2\/product\/51101","targetHints":{"allow":["GET"]}}],"collection":[{"href":"https:\/\/verticaltechnik.ch\/fr\/wp-json\/wp\/v2\/product"}],"about":[{"href":"https:\/\/verticaltechnik.ch\/fr\/wp-json\/wp\/v2\/types\/product"}],"wp:featuredmedia":[{"embeddable":true,"href":"https:\/\/verticaltechnik.ch\/fr\/wp-json\/wp\/v2\/media\/45410"}],"wp:attachment":[{"href":"https:\/\/verticaltechnik.ch\/fr\/wp-json\/wp\/v2\/media?parent=51101"}],"wp:term":[{"taxonomy":"product_brand","embeddable":true,"href":"https:\/\/verticaltechnik.ch\/fr\/wp-json\/wp\/v2\/product_brand?post=51101"},{"taxonomy":"product_cat","embeddable":true,"href":"https:\/\/verticaltechnik.ch\/fr\/wp-json\/wp\/v2\/product_cat?post=51101"},{"taxonomy":"product_tag","embeddable":true,"href":"https:\/\/verticaltechnik.ch\/fr\/wp-json\/wp\/v2\/product_tag?post=51101"}],"curies":[{"name":"wp","href":"https:\/\/api.w.org\/{rel}","templated":true}]}}