{"id":51117,"date":"2025-08-28T09:34:20","date_gmt":"2025-08-28T09:34:20","guid":{"rendered":"https:\/\/newvt.verticaltechnik.ch\/product\/granite-rail\/"},"modified":"2026-02-04T14:44:28","modified_gmt":"2026-02-04T14:44:28","slug":"granite-rail","status":"publish","type":"product","link":"https:\/\/verticaltechnik.ch\/fr\/produit\/granite-rail\/","title":{"rendered":"Granite Rail"},"content":{"rendered":"<p>Le Granite Rail est tr\u00e8s appr\u00e9ci\u00e9 pour les propri\u00e9t\u00e9s de glisse id\u00e9ales de sa surface en granit finement polie. On y r\u00e9alise des figures comme le tailslide, le noseslide ou les grinds, et de nombreuses combinaisons sont possibles. L&rsquo;utilisation procure une sensation de conduite particuli\u00e8rement agr\u00e9able avec un contr\u00f4le parfait de la planche.  <\/p>\n","protected":false},"excerpt":{"rendered":"<p>Le Granite Rail est tr\u00e8s appr\u00e9ci\u00e9 pour les propri\u00e9t\u00e9s de glisse id\u00e9ales de sa surface en granit finement polie. On y r\u00e9alise des figures comme le tailslide, le noseslide ou&#8230;<\/p>\n","protected":false},"featured_media":45434,"template":"","meta":[],"product_brand":[],"product_cat":[12180,11870],"product_tag":[],"class_list":{"0":"post-51117","1":"product","2":"type-product","3":"status-publish","4":"has-post-thumbnail","6":"product_cat-rail","7":"product_cat-rail-style-a-bord-droit","9":"first","10":"instock","11":"shipping-taxable","12":"purchasable","13":"product-type-simple"},"_links":{"self":[{"href":"https:\/\/verticaltechnik.ch\/fr\/wp-json\/wp\/v2\/product\/51117","targetHints":{"allow":["GET"]}}],"collection":[{"href":"https:\/\/verticaltechnik.ch\/fr\/wp-json\/wp\/v2\/product"}],"about":[{"href":"https:\/\/verticaltechnik.ch\/fr\/wp-json\/wp\/v2\/types\/product"}],"wp:featuredmedia":[{"embeddable":true,"href":"https:\/\/verticaltechnik.ch\/fr\/wp-json\/wp\/v2\/media\/45434"}],"wp:attachment":[{"href":"https:\/\/verticaltechnik.ch\/fr\/wp-json\/wp\/v2\/media?parent=51117"}],"wp:term":[{"taxonomy":"product_brand","embeddable":true,"href":"https:\/\/verticaltechnik.ch\/fr\/wp-json\/wp\/v2\/product_brand?post=51117"},{"taxonomy":"product_cat","embeddable":true,"href":"https:\/\/verticaltechnik.ch\/fr\/wp-json\/wp\/v2\/product_cat?post=51117"},{"taxonomy":"product_tag","embeddable":true,"href":"https:\/\/verticaltechnik.ch\/fr\/wp-json\/wp\/v2\/product_tag?post=51117"}],"curies":[{"name":"wp","href":"https:\/\/api.w.org\/{rel}","templated":true}]}}