{"id":51119,"date":"2025-08-28T09:34:18","date_gmt":"2025-08-28T09:34:18","guid":{"rendered":"https:\/\/newvt.verticaltechnik.ch\/product\/granite-rail-spine\/"},"modified":"2025-08-28T09:34:18","modified_gmt":"2025-08-28T09:34:18","slug":"granite-rail-spine","status":"publish","type":"product","link":"https:\/\/verticaltechnik.ch\/fr\/produit\/granite-rail-spine\/","title":{"rendered":"Granite Rail Spine"},"content":{"rendered":"<p>Sur un Rail Spine, on effectue des grinds ou des slides en pla\u00e7ant le skateboard perpendiculairement ou longitudinalement par rapport au bord sup\u00e9rieur. La combinaison Rail Spine permet de r\u00e9aliser de nombreux tricks et variantes sur le module. C&rsquo;est un module de base qui convient \u00e0 tous les niveaux de difficult\u00e9.  <\/p>\n","protected":false},"excerpt":{"rendered":"<p>Sur un Rail Spine, on effectue des grinds ou des slides en pla\u00e7ant le skateboard perpendiculairement ou longitudinalement par rapport au bord sup\u00e9rieur. La combinaison Rail Spine permet de r\u00e9aliser&#8230;<\/p>\n","protected":false},"featured_media":45442,"template":"","meta":[],"product_brand":[],"product_cat":[12275],"product_tag":[],"class_list":{"0":"post-51119","1":"product","2":"type-product","3":"status-publish","4":"has-post-thumbnail","6":"product_cat-epine-dorsale","8":"first","9":"instock","10":"shipping-taxable","11":"purchasable","12":"product-type-simple"},"_links":{"self":[{"href":"https:\/\/verticaltechnik.ch\/fr\/wp-json\/wp\/v2\/product\/51119","targetHints":{"allow":["GET"]}}],"collection":[{"href":"https:\/\/verticaltechnik.ch\/fr\/wp-json\/wp\/v2\/product"}],"about":[{"href":"https:\/\/verticaltechnik.ch\/fr\/wp-json\/wp\/v2\/types\/product"}],"wp:featuredmedia":[{"embeddable":true,"href":"https:\/\/verticaltechnik.ch\/fr\/wp-json\/wp\/v2\/media\/45442"}],"wp:attachment":[{"href":"https:\/\/verticaltechnik.ch\/fr\/wp-json\/wp\/v2\/media?parent=51119"}],"wp:term":[{"taxonomy":"product_brand","embeddable":true,"href":"https:\/\/verticaltechnik.ch\/fr\/wp-json\/wp\/v2\/product_brand?post=51119"},{"taxonomy":"product_cat","embeddable":true,"href":"https:\/\/verticaltechnik.ch\/fr\/wp-json\/wp\/v2\/product_cat?post=51119"},{"taxonomy":"product_tag","embeddable":true,"href":"https:\/\/verticaltechnik.ch\/fr\/wp-json\/wp\/v2\/product_tag?post=51119"}],"curies":[{"name":"wp","href":"https:\/\/api.w.org\/{rel}","templated":true}]}}