{"id":51127,"date":"2025-08-28T09:33:25","date_gmt":"2025-08-28T09:33:25","guid":{"rendered":"https:\/\/newvt.verticaltechnik.ch\/product\/granite-bank-curb\/"},"modified":"2025-08-28T09:33:25","modified_gmt":"2025-08-28T09:33:25","slug":"granite-bank-curb","status":"publish","type":"product","link":"https:\/\/verticaltechnik.ch\/fr\/product\/granite-bank-curb\/","title":{"rendered":"Granite Bank Curb"},"content":{"rendered":"<p>Ce module sert entre autres de rampe de lancement. De la plateforme, on se dirige vers un module central pour y r\u00e9aliser des figures. En m\u00eame temps, il sert aussi de module pour r\u00e9aliser des figures en haut du bord et sur le plan inclin\u00e9 ou pour changer de direction. De nombreuses variations de figures peuvent \u00eatre r\u00e9alis\u00e9es sur le bord, comme des tailslides, des noseslides ou des grinds.    <\/p>\n","protected":false},"excerpt":{"rendered":"<p>Ce module sert entre autres de rampe de lancement. De la plateforme, on se dirige vers un module central pour y r\u00e9aliser des figures. En m\u00eame temps, il sert aussi&#8230;<\/p>\n","protected":false},"featured_media":45454,"template":"","meta":[],"product_brand":[],"product_cat":[11877],"product_tag":[],"class_list":{"0":"post-51127","1":"product","2":"type-product","3":"status-publish","4":"has-post-thumbnail","6":"product_cat-banques","8":"first","9":"instock","10":"shipping-taxable","11":"purchasable","12":"product-type-simple"},"_links":{"self":[{"href":"https:\/\/verticaltechnik.ch\/fr\/wp-json\/wp\/v2\/product\/51127","targetHints":{"allow":["GET"]}}],"collection":[{"href":"https:\/\/verticaltechnik.ch\/fr\/wp-json\/wp\/v2\/product"}],"about":[{"href":"https:\/\/verticaltechnik.ch\/fr\/wp-json\/wp\/v2\/types\/product"}],"wp:featuredmedia":[{"embeddable":true,"href":"https:\/\/verticaltechnik.ch\/fr\/wp-json\/wp\/v2\/media\/45454"}],"wp:attachment":[{"href":"https:\/\/verticaltechnik.ch\/fr\/wp-json\/wp\/v2\/media?parent=51127"}],"wp:term":[{"taxonomy":"product_brand","embeddable":true,"href":"https:\/\/verticaltechnik.ch\/fr\/wp-json\/wp\/v2\/product_brand?post=51127"},{"taxonomy":"product_cat","embeddable":true,"href":"https:\/\/verticaltechnik.ch\/fr\/wp-json\/wp\/v2\/product_cat?post=51127"},{"taxonomy":"product_tag","embeddable":true,"href":"https:\/\/verticaltechnik.ch\/fr\/wp-json\/wp\/v2\/product_tag?post=51127"}],"curies":[{"name":"wp","href":"https:\/\/api.w.org\/{rel}","templated":true}]}}