{"id":51152,"date":"2025-08-28T09:47:47","date_gmt":"2025-08-28T09:47:47","guid":{"rendered":"https:\/\/newvt.verticaltechnik.ch\/product\/rail-2-3-tube-rond-a-plat\/"},"modified":"2025-08-28T09:47:47","modified_gmt":"2025-08-28T09:47:47","slug":"rail-2-3-tube-rond-a-plat","status":"publish","type":"product","link":"https:\/\/verticaltechnik.ch\/fr\/produit\/rail-2-3-tube-rond-a-plat\/","title":{"rendered":"Rail 2\/3 tube rond \u00e0 plat"},"content":{"rendered":"<p>Un rail est une main courante utilis\u00e9e pour effectuer des grinds et des slides. Les rails sont install\u00e9s sur les pandora boxes et les pyramides. <\/p>\n","protected":false},"excerpt":{"rendered":"<p>Un rail est une main courante utilis\u00e9e pour effectuer des grinds et des slides. Les rails sont install\u00e9s sur les pandora boxes et les pyramides.<\/p>\n","protected":false},"featured_media":44798,"template":"","meta":[],"product_brand":[],"product_cat":[12050],"product_tag":[],"class_list":{"0":"post-51152","1":"product","2":"type-product","3":"status-publish","4":"has-post-thumbnail","6":"product_cat-module-boite-de-pandore","8":"first","9":"instock","10":"shipping-taxable","11":"purchasable","12":"product-type-simple"},"_links":{"self":[{"href":"https:\/\/verticaltechnik.ch\/fr\/wp-json\/wp\/v2\/product\/51152","targetHints":{"allow":["GET"]}}],"collection":[{"href":"https:\/\/verticaltechnik.ch\/fr\/wp-json\/wp\/v2\/product"}],"about":[{"href":"https:\/\/verticaltechnik.ch\/fr\/wp-json\/wp\/v2\/types\/product"}],"wp:featuredmedia":[{"embeddable":true,"href":"https:\/\/verticaltechnik.ch\/fr\/wp-json\/wp\/v2\/media\/44798"}],"wp:attachment":[{"href":"https:\/\/verticaltechnik.ch\/fr\/wp-json\/wp\/v2\/media?parent=51152"}],"wp:term":[{"taxonomy":"product_brand","embeddable":true,"href":"https:\/\/verticaltechnik.ch\/fr\/wp-json\/wp\/v2\/product_brand?post=51152"},{"taxonomy":"product_cat","embeddable":true,"href":"https:\/\/verticaltechnik.ch\/fr\/wp-json\/wp\/v2\/product_cat?post=51152"},{"taxonomy":"product_tag","embeddable":true,"href":"https:\/\/verticaltechnik.ch\/fr\/wp-json\/wp\/v2\/product_tag?post=51152"}],"curies":[{"name":"wp","href":"https:\/\/api.w.org\/{rel}","templated":true}]}}